{"id":15547,"date":"2017-05-22T12:09:37","date_gmt":"2017-05-22T10:09:37","guid":{"rendered":"https:\/\/www.nubeocho.com\/?post_type=product&#038;p=15547"},"modified":"2023-07-24T09:29:02","modified_gmt":"2023-07-24T07:29:02","slug":"erizo-y-conejo-la-nube-cabezota","status":"publish","type":"product","link":"https:\/\/www.nubeocho.com\/en\/product\/erizo-y-conejo-la-nube-cabezota\/","title":{"rendered":"Erizo y Conejo: la nube cabezota"},"content":{"rendered":"<p>Erizo y Conejo se enfadan con una nube cabezota. A ellos les gusta el sol y el cielo es muy grande. \u00bfPor qu\u00e9 tiene que ponerse ella justo delante y tapar el sol? Los dos amigos hablar\u00e1n con la nube, pedir\u00e1n ayuda al cuervo y a la vaca. \u00bfLes har\u00e1 caso la nube?<\/p>\n","protected":false},"excerpt":{"rendered":"<p>Erizo y Conejo se enfadan con la nube cabezota. El cielo es muy grande, \u00bfpor qu\u00e9 les tapa el sol?<\/p>\n","protected":false},"featured_media":15556,"template":"","meta":[],"product_brand":[],"product_cat":[619,626],"product_tag":[1602],"class_list":{"0":"post-15547","1":"product","2":"type-product","3":"status-publish","4":"has-post-thumbnail","6":"colecciones-somos8-en","7":"edades-3-en","8":"product_cat-catalogue","9":"product_cat-picture-book","10":"product_tag-friendship","12":"first","13":"instock","14":"product-type-simple"},"acf":[],"_links":{"self":[{"href":"https:\/\/www.nubeocho.com\/en\/wp-json\/wp\/v2\/product\/15547","targetHints":{"allow":["GET"]}}],"collection":[{"href":"https:\/\/www.nubeocho.com\/en\/wp-json\/wp\/v2\/product"}],"about":[{"href":"https:\/\/www.nubeocho.com\/en\/wp-json\/wp\/v2\/types\/product"}],"wp:featuredmedia":[{"embeddable":true,"href":"https:\/\/www.nubeocho.com\/en\/wp-json\/wp\/v2\/media\/15556"}],"wp:attachment":[{"href":"https:\/\/www.nubeocho.com\/en\/wp-json\/wp\/v2\/media?parent=15547"}],"wp:term":[{"taxonomy":"product_brand","embeddable":true,"href":"https:\/\/www.nubeocho.com\/en\/wp-json\/wp\/v2\/product_brand?post=15547"},{"taxonomy":"product_cat","embeddable":true,"href":"https:\/\/www.nubeocho.com\/en\/wp-json\/wp\/v2\/product_cat?post=15547"},{"taxonomy":"product_tag","embeddable":true,"href":"https:\/\/www.nubeocho.com\/en\/wp-json\/wp\/v2\/product_tag?post=15547"}],"curies":[{"name":"wp","href":"https:\/\/api.w.org\/{rel}","templated":true}]}}