{"id":15535,"date":"2018-10-01T12:02:23","date_gmt":"2018-10-01T10:02:23","guid":{"rendered":"https:\/\/www.nubeocho.com\/?post_type=product&#038;p=15535"},"modified":"2024-03-25T11:42:51","modified_gmt":"2024-03-25T10:42:51","slug":"mapache-quiere-ser-el-primero-copia","status":"publish","type":"product","link":"https:\/\/www.nubeocho.com\/en\/product\/mapache-quiere-ser-el-primero-copia\/","title":{"rendered":"Mapache quiere ser el primero"},"content":{"rendered":"<p>Mapache quiere ser el primero en todo, y casi siempre lo consigue. Pero un d\u00eda llega Zorro al bosque&#8230; Una divertida aventura para ense\u00f1arnos que &#8220;ser el primero&#8221; no es lo m\u00e1s importante. El exceso de competitividad puede ser negativo y traer sufrimiento a los ni\u00f1os. De la psic\u00f3loga infantil Susanna Isern, autora de <em>No me han invitado al cumplea\u00f1os<\/em>.<\/p>\n<p><a href=\"https:\/\/www.nubeocho.com\/wp-content\/uploads\/2018\/09\/Sin-ti\u0301tulo-1-copia.jpg\"><img loading=\"lazy\" decoding=\"async\" class=\"alignnone size-large wp-image-19618\" src=\"https:\/\/www.nubeocho.com\/wp-content\/uploads\/2018\/09\/Sin-ti\u0301tulo-1-copia-1024x214.jpg\" alt=\"\" width=\"1024\" height=\"214\" srcset=\"https:\/\/www.nubeocho.com\/wp-content\/uploads\/2018\/09\/Sin-ti\u0301tulo-1-copia-1024x214.jpg 1024w, https:\/\/www.nubeocho.com\/wp-content\/uploads\/2018\/09\/Sin-ti\u0301tulo-1-copia-300x63.jpg 300w, https:\/\/www.nubeocho.com\/wp-content\/uploads\/2018\/09\/Sin-ti\u0301tulo-1-copia-768x161.jpg 768w, https:\/\/www.nubeocho.com\/wp-content\/uploads\/2018\/09\/Sin-ti\u0301tulo-1-copia-320x67.jpg 320w, https:\/\/www.nubeocho.com\/wp-content\/uploads\/2018\/09\/Sin-ti\u0301tulo-1-copia-600x125.jpg 600w, https:\/\/www.nubeocho.com\/wp-content\/uploads\/2018\/09\/Sin-ti\u0301tulo-1-copia.jpg 1382w\" sizes=\"auto, (max-width: 1024px) 100vw, 1024px\" \/><\/a><\/p>\n","protected":false},"excerpt":{"rendered":"<p>Mapache y sus amigos se dan cuenta de que &#8220;ser el primero&#8221; no es lo m\u00e1s importante.<\/p>\n","protected":false},"featured_media":15537,"template":"","meta":[],"product_brand":[],"product_cat":[619,626],"product_tag":[1621,1602,1645],"class_list":{"0":"post-15535","1":"product","2":"type-product","3":"status-publish","4":"has-post-thumbnail","6":"colecciones-raccoon-and-friends","7":"product_cat-catalogue","8":"product_cat-picture-book","9":"product_tag-emotions","10":"product_tag-friendship","11":"product_tag-help-us-to-think","13":"first","14":"instock","15":"product-type-simple"},"acf":[],"_links":{"self":[{"href":"https:\/\/www.nubeocho.com\/en\/wp-json\/wp\/v2\/product\/15535","targetHints":{"allow":["GET"]}}],"collection":[{"href":"https:\/\/www.nubeocho.com\/en\/wp-json\/wp\/v2\/product"}],"about":[{"href":"https:\/\/www.nubeocho.com\/en\/wp-json\/wp\/v2\/types\/product"}],"wp:featuredmedia":[{"embeddable":true,"href":"https:\/\/www.nubeocho.com\/en\/wp-json\/wp\/v2\/media\/15537"}],"wp:attachment":[{"href":"https:\/\/www.nubeocho.com\/en\/wp-json\/wp\/v2\/media?parent=15535"}],"wp:term":[{"taxonomy":"product_brand","embeddable":true,"href":"https:\/\/www.nubeocho.com\/en\/wp-json\/wp\/v2\/product_brand?post=15535"},{"taxonomy":"product_cat","embeddable":true,"href":"https:\/\/www.nubeocho.com\/en\/wp-json\/wp\/v2\/product_cat?post=15535"},{"taxonomy":"product_tag","embeddable":true,"href":"https:\/\/www.nubeocho.com\/en\/wp-json\/wp\/v2\/product_tag?post=15535"}],"curies":[{"name":"wp","href":"https:\/\/api.w.org\/{rel}","templated":true}]}}