{"id":15501,"date":"2016-11-07T14:39:21","date_gmt":"2016-11-07T13:39:21","guid":{"rendered":"https:\/\/www.nubeocho.com\/?post_type=product&#038;p=15501"},"modified":"2023-07-24T09:32:09","modified_gmt":"2023-07-24T07:32:09","slug":"bogo-quierelotodo","status":"publish","type":"product","link":"https:\/\/www.nubeocho.com\/en\/product\/bogo-quierelotodo\/","title":{"rendered":"Bogo Quierelotodo"},"content":{"rendered":"<p>Bogo el Zorro viv\u00eda entre las ramas de un gran \u00e1rbol. Un d\u00eda decidi\u00f3 que inventar\u00eda cosas asombrosas para poder tener todo lo que quisiera. Una divertida historia para ense\u00f1arnos que nuestras propias cualidades son \u00fanicas y nos hacen especiales. Con este libro podemos abordar temas como la diversidad o los complejos.<\/p>\n","protected":false},"excerpt":{"rendered":"<p>\u00a1Este zorro quiere tenerlo todo! Volar como los p\u00e1jaros, respirar bajo el agua, saltar como las ranas&#8230; Un cuento para apreciar nuestras propias cualidades.<\/p>\n","protected":false},"featured_media":15504,"template":"","meta":[],"product_brand":[],"product_cat":[619,626],"product_tag":[1615,1621,1633],"class_list":{"0":"post-15501","1":"product","2":"type-product","3":"status-publish","4":"has-post-thumbnail","6":"colecciones-somos8-en","7":"edades-4-en","8":"product_cat-catalogue","9":"product_cat-picture-book","10":"product_tag-diversity","11":"product_tag-emotions","12":"product_tag-humor-en","14":"first","15":"instock","16":"product-type-simple"},"acf":[],"_links":{"self":[{"href":"https:\/\/www.nubeocho.com\/en\/wp-json\/wp\/v2\/product\/15501","targetHints":{"allow":["GET"]}}],"collection":[{"href":"https:\/\/www.nubeocho.com\/en\/wp-json\/wp\/v2\/product"}],"about":[{"href":"https:\/\/www.nubeocho.com\/en\/wp-json\/wp\/v2\/types\/product"}],"wp:featuredmedia":[{"embeddable":true,"href":"https:\/\/www.nubeocho.com\/en\/wp-json\/wp\/v2\/media\/15504"}],"wp:attachment":[{"href":"https:\/\/www.nubeocho.com\/en\/wp-json\/wp\/v2\/media?parent=15501"}],"wp:term":[{"taxonomy":"product_brand","embeddable":true,"href":"https:\/\/www.nubeocho.com\/en\/wp-json\/wp\/v2\/product_brand?post=15501"},{"taxonomy":"product_cat","embeddable":true,"href":"https:\/\/www.nubeocho.com\/en\/wp-json\/wp\/v2\/product_cat?post=15501"},{"taxonomy":"product_tag","embeddable":true,"href":"https:\/\/www.nubeocho.com\/en\/wp-json\/wp\/v2\/product_tag?post=15501"}],"curies":[{"name":"wp","href":"https:\/\/api.w.org\/{rel}","templated":true}]}}