{"id":15488,"date":"2016-10-10T14:40:37","date_gmt":"2016-10-10T12:40:37","guid":{"rendered":"https:\/\/www.nubeocho.com\/?post_type=product&#038;p=15488"},"modified":"2024-04-22T11:01:00","modified_gmt":"2024-04-22T09:01:00","slug":"el-pequeno-pirata-serafin","status":"publish","type":"product","link":"https:\/\/www.nubeocho.com\/en\/product\/el-pequeno-pirata-serafin\/","title":{"rendered":"El peque\u00f1o pirata Seraf\u00edn"},"content":{"rendered":"<p>Hab\u00eda una vez un pirata tan chiquit\u00edn, tan chiquit\u00edn, que todo el mundo lo llamaba el peque\u00f1o Seraf\u00edn. Un d\u00eda, el malvado pirata Malapata lo captur\u00f3 y lo encerr\u00f3 en la bodega. Nuestro pirata ten\u00eda miedo, pero un rat\u00f3n lo ayud\u00f3. Y una gaviota ayud\u00f3 al rat\u00f3n.<\/p>\n<p><a href=\"https:\/\/www.nubeocho.com\/wp-content\/uploads\/2016\/11\/Sin-ti\u0301tulo-1-copia.jpg\"><img loading=\"lazy\" decoding=\"async\" class=\"alignnone size-large wp-image-19686\" src=\"https:\/\/www.nubeocho.com\/wp-content\/uploads\/2016\/11\/Sin-ti\u0301tulo-1-copia-1024x214.jpg\" alt=\"\" width=\"1024\" height=\"214\" srcset=\"https:\/\/www.nubeocho.com\/wp-content\/uploads\/2016\/11\/Sin-ti\u0301tulo-1-copia-1024x214.jpg 1024w, https:\/\/www.nubeocho.com\/wp-content\/uploads\/2016\/11\/Sin-ti\u0301tulo-1-copia-300x63.jpg 300w, https:\/\/www.nubeocho.com\/wp-content\/uploads\/2016\/11\/Sin-ti\u0301tulo-1-copia-768x161.jpg 768w, https:\/\/www.nubeocho.com\/wp-content\/uploads\/2016\/11\/Sin-ti\u0301tulo-1-copia-320x67.jpg 320w, https:\/\/www.nubeocho.com\/wp-content\/uploads\/2016\/11\/Sin-ti\u0301tulo-1-copia-600x125.jpg 600w, https:\/\/www.nubeocho.com\/wp-content\/uploads\/2016\/11\/Sin-ti\u0301tulo-1-copia.jpg 1382w\" sizes=\"auto, (max-width: 1024px) 100vw, 1024px\" \/><\/a><\/p>\n","protected":false},"excerpt":{"rendered":"<p>Aunque seas peque\u00f1o, puedes hacer grandes cosas. Como el pirata Seraf\u00edn.<\/p>\n","protected":false},"featured_media":15490,"template":"","meta":[],"product_brand":[],"product_cat":[619,626],"product_tag":[1615,1602,1633,1609],"class_list":{"0":"post-15488","1":"product","2":"type-product","3":"status-publish","4":"has-post-thumbnail","6":"colecciones-little-captain-jack","7":"edades-4-en","8":"product_cat-catalogue","9":"product_cat-picture-book","10":"product_tag-diversity","11":"product_tag-friendship","12":"product_tag-humor-en","13":"product_tag-pirate-girls-and-boys","15":"first","16":"instock","17":"product-type-simple"},"acf":[],"_links":{"self":[{"href":"https:\/\/www.nubeocho.com\/en\/wp-json\/wp\/v2\/product\/15488","targetHints":{"allow":["GET"]}}],"collection":[{"href":"https:\/\/www.nubeocho.com\/en\/wp-json\/wp\/v2\/product"}],"about":[{"href":"https:\/\/www.nubeocho.com\/en\/wp-json\/wp\/v2\/types\/product"}],"wp:featuredmedia":[{"embeddable":true,"href":"https:\/\/www.nubeocho.com\/en\/wp-json\/wp\/v2\/media\/15490"}],"wp:attachment":[{"href":"https:\/\/www.nubeocho.com\/en\/wp-json\/wp\/v2\/media?parent=15488"}],"wp:term":[{"taxonomy":"product_brand","embeddable":true,"href":"https:\/\/www.nubeocho.com\/en\/wp-json\/wp\/v2\/product_brand?post=15488"},{"taxonomy":"product_cat","embeddable":true,"href":"https:\/\/www.nubeocho.com\/en\/wp-json\/wp\/v2\/product_cat?post=15488"},{"taxonomy":"product_tag","embeddable":true,"href":"https:\/\/www.nubeocho.com\/en\/wp-json\/wp\/v2\/product_tag?post=15488"}],"curies":[{"name":"wp","href":"https:\/\/api.w.org\/{rel}","templated":true}]}}