{"id":15463,"date":"2016-04-12T14:04:40","date_gmt":"2016-04-12T12:04:40","guid":{"rendered":"https:\/\/www.nubeocho.com\/?post_type=product&#038;p=15463"},"modified":"2024-03-25T11:44:26","modified_gmt":"2024-03-25T10:44:26","slug":"los-miedos-del-capitan-cacurcias","status":"publish","type":"product","link":"https:\/\/www.nubeocho.com\/en\/product\/los-miedos-del-capitan-cacurcias\/","title":{"rendered":"Los miedos del capit\u00e1n Cacurcias"},"content":{"rendered":"<p>El capit\u00e1n Cacurcias era el m\u00e1s valiente de todos los piratas, pero hace poco tiempo empez\u00f3 a tener miedo de todo. Hasta de su sombra. En el barco fantasma de los ojos azules, Cacurcias tendr\u00e1 que enfrentarse al mism\u00edsimo fantasma, a un vampiro&#8230; \u00a1y hasta al hombre lobo! Una divertida historia de miedo para quitarte el miedo. Los piratas vuelven en un magn\u00edfico \u00e1lbum ilustrado. Del autor de &#8220;El pirata de la pata de pata&#8221;, &#8220;Adoptar un dinosaurio&#8221;, o &#8220;Un vampiro peligrozo&#8221;.<\/p>\n<p><a href=\"https:\/\/www.nubeocho.com\/wp-content\/uploads\/2018\/09\/Sin-ti\u0301tulo-1-copia.jpg\"><img loading=\"lazy\" decoding=\"async\" class=\"alignnone size-large wp-image-19618\" src=\"https:\/\/www.nubeocho.com\/wp-content\/uploads\/2018\/09\/Sin-ti\u0301tulo-1-copia-1024x214.jpg\" alt=\"\" width=\"1024\" height=\"214\" srcset=\"https:\/\/www.nubeocho.com\/wp-content\/uploads\/2018\/09\/Sin-ti\u0301tulo-1-copia-1024x214.jpg 1024w, https:\/\/www.nubeocho.com\/wp-content\/uploads\/2018\/09\/Sin-ti\u0301tulo-1-copia-300x63.jpg 300w, https:\/\/www.nubeocho.com\/wp-content\/uploads\/2018\/09\/Sin-ti\u0301tulo-1-copia-768x161.jpg 768w, https:\/\/www.nubeocho.com\/wp-content\/uploads\/2018\/09\/Sin-ti\u0301tulo-1-copia-320x67.jpg 320w, https:\/\/www.nubeocho.com\/wp-content\/uploads\/2018\/09\/Sin-ti\u0301tulo-1-copia-600x125.jpg 600w, https:\/\/www.nubeocho.com\/wp-content\/uploads\/2018\/09\/Sin-ti\u0301tulo-1-copia.jpg 1382w\" sizes=\"auto, (max-width: 1024px) 100vw, 1024px\" \/><\/a><\/p>\n","protected":false},"excerpt":{"rendered":"<p>Una divertida historia de miedo para quitarte el miedo.<\/p>\n","protected":false},"featured_media":15464,"template":"","meta":[],"product_brand":[],"product_cat":[619,626],"product_tag":[1639,1630,1609],"class_list":{"0":"post-15463","1":"product","2":"type-product","3":"status-publish","4":"has-post-thumbnail","6":"colecciones-somos8-en","7":"edades-4-en","8":"product_cat-catalogue","9":"product_cat-picture-book","10":"product_tag-fear","11":"product_tag-great-successes-bestsellers","12":"product_tag-pirate-girls-and-boys","14":"first","15":"instock","16":"product-type-simple"},"acf":[],"_links":{"self":[{"href":"https:\/\/www.nubeocho.com\/en\/wp-json\/wp\/v2\/product\/15463","targetHints":{"allow":["GET"]}}],"collection":[{"href":"https:\/\/www.nubeocho.com\/en\/wp-json\/wp\/v2\/product"}],"about":[{"href":"https:\/\/www.nubeocho.com\/en\/wp-json\/wp\/v2\/types\/product"}],"wp:featuredmedia":[{"embeddable":true,"href":"https:\/\/www.nubeocho.com\/en\/wp-json\/wp\/v2\/media\/15464"}],"wp:attachment":[{"href":"https:\/\/www.nubeocho.com\/en\/wp-json\/wp\/v2\/media?parent=15463"}],"wp:term":[{"taxonomy":"product_brand","embeddable":true,"href":"https:\/\/www.nubeocho.com\/en\/wp-json\/wp\/v2\/product_brand?post=15463"},{"taxonomy":"product_cat","embeddable":true,"href":"https:\/\/www.nubeocho.com\/en\/wp-json\/wp\/v2\/product_cat?post=15463"},{"taxonomy":"product_tag","embeddable":true,"href":"https:\/\/www.nubeocho.com\/en\/wp-json\/wp\/v2\/product_tag?post=15463"}],"curies":[{"name":"wp","href":"https:\/\/api.w.org\/{rel}","templated":true}]}}