{"id":15389,"date":"2016-01-12T14:47:36","date_gmt":"2016-01-12T13:47:36","guid":{"rendered":"https:\/\/www.nubeocho.com\/?post_type=product&#038;p=15389"},"modified":"2023-07-24T09:41:29","modified_gmt":"2023-07-24T07:41:29","slug":"los-gulinos","status":"publish","type":"product","link":"https:\/\/www.nubeocho.com\/en\/product\/los-gulinos\/","title":{"rendered":"Los Gulinos"},"content":{"rendered":"<p>Ven con nosotros al planeta Gala y descubre todas sus maravillas: los gal\u00e1rboles, las galatinas y los galaordenadores&#8230; Conocer\u00e1s tambi\u00e9n a los Gulinos, unos simp\u00e1ticos alien\u00edgenas que intentan salvar su planeta.<\/p>\n","protected":false},"excerpt":{"rendered":"<p>Descubre el planeta Gala y a los peculiares alien\u00edgenas que lo habitan e intentan salvarlo.<\/p>\n","protected":false},"featured_media":15390,"template":"","meta":[],"product_brand":[],"product_cat":[619,626],"product_tag":[1627,1602],"class_list":{"0":"post-15389","1":"product","2":"type-product","3":"status-publish","4":"has-post-thumbnail","6":"colecciones-somos8-en","7":"edades-4-en","8":"product_cat-catalogue","9":"product_cat-picture-book","10":"product_tag-family","11":"product_tag-friendship","13":"first","14":"instock","15":"product-type-simple"},"acf":[],"_links":{"self":[{"href":"https:\/\/www.nubeocho.com\/en\/wp-json\/wp\/v2\/product\/15389","targetHints":{"allow":["GET"]}}],"collection":[{"href":"https:\/\/www.nubeocho.com\/en\/wp-json\/wp\/v2\/product"}],"about":[{"href":"https:\/\/www.nubeocho.com\/en\/wp-json\/wp\/v2\/types\/product"}],"wp:featuredmedia":[{"embeddable":true,"href":"https:\/\/www.nubeocho.com\/en\/wp-json\/wp\/v2\/media\/15390"}],"wp:attachment":[{"href":"https:\/\/www.nubeocho.com\/en\/wp-json\/wp\/v2\/media?parent=15389"}],"wp:term":[{"taxonomy":"product_brand","embeddable":true,"href":"https:\/\/www.nubeocho.com\/en\/wp-json\/wp\/v2\/product_brand?post=15389"},{"taxonomy":"product_cat","embeddable":true,"href":"https:\/\/www.nubeocho.com\/en\/wp-json\/wp\/v2\/product_cat?post=15389"},{"taxonomy":"product_tag","embeddable":true,"href":"https:\/\/www.nubeocho.com\/en\/wp-json\/wp\/v2\/product_tag?post=15389"}],"curies":[{"name":"wp","href":"https:\/\/api.w.org\/{rel}","templated":true}]}}