{"id":15379,"date":"2014-10-27T14:32:59","date_gmt":"2014-10-27T13:32:59","guid":{"rendered":"https:\/\/www.nubeocho.com\/?post_type=product&#038;p=15379"},"modified":"2025-11-05T09:12:36","modified_gmt":"2025-11-05T08:12:36","slug":"buscar","status":"publish","type":"product","link":"https:\/\/www.nubeocho.com\/en\/product\/buscar\/","title":{"rendered":"Buscar"},"content":{"rendered":"<p>Bu siempre camina mirando el suelo. Sus amigos y vecinos le preguntan que qu\u00e9 hace, y \u00e9l siempre contesta lo mismo: Buscar. Hasta que un d\u00eda, algo le obliga a levantar la cabeza.<\/p>\n<p><em>Buscar<\/em> es una historia que nos ayuda a valorar lo que tenemos cerca y que, a veces, no vemos. Mediante sus ilustraciones puede trabajarse la observaci\u00f3n, encontrar vocabulario, n\u00fameros y conocer a muchos personajes divertidos.<br \/>\n\u00bfTe animas a BUSCAR?<\/p>\n","protected":false},"excerpt":{"rendered":"<p>Un \u00e1lbum, escrito e ilustrado por la conocida Olga de Dios, que incita a la experimentaci\u00f3n, la observaci\u00f3n y el descubrimiento.<\/p>\n","protected":false},"featured_media":20835,"template":"","meta":[],"product_brand":[],"product_cat":[619,626],"product_tag":[1621,1602,1645],"class_list":{"0":"post-15379","1":"product","2":"type-product","3":"status-publish","4":"has-post-thumbnail","6":"colecciones-somos8-en","7":"edades-3-en","8":"product_cat-catalogue","9":"product_cat-picture-book","10":"product_tag-emotions","11":"product_tag-friendship","12":"product_tag-help-us-to-think","14":"first","15":"instock","16":"product-type-simple"},"acf":[],"_links":{"self":[{"href":"https:\/\/www.nubeocho.com\/en\/wp-json\/wp\/v2\/product\/15379","targetHints":{"allow":["GET"]}}],"collection":[{"href":"https:\/\/www.nubeocho.com\/en\/wp-json\/wp\/v2\/product"}],"about":[{"href":"https:\/\/www.nubeocho.com\/en\/wp-json\/wp\/v2\/types\/product"}],"wp:featuredmedia":[{"embeddable":true,"href":"https:\/\/www.nubeocho.com\/en\/wp-json\/wp\/v2\/media\/20835"}],"wp:attachment":[{"href":"https:\/\/www.nubeocho.com\/en\/wp-json\/wp\/v2\/media?parent=15379"}],"wp:term":[{"taxonomy":"product_brand","embeddable":true,"href":"https:\/\/www.nubeocho.com\/en\/wp-json\/wp\/v2\/product_brand?post=15379"},{"taxonomy":"product_cat","embeddable":true,"href":"https:\/\/www.nubeocho.com\/en\/wp-json\/wp\/v2\/product_cat?post=15379"},{"taxonomy":"product_tag","embeddable":true,"href":"https:\/\/www.nubeocho.com\/en\/wp-json\/wp\/v2\/product_tag?post=15379"}],"curies":[{"name":"wp","href":"https:\/\/api.w.org\/{rel}","templated":true}]}}