{"id":11375,"date":"2020-10-13T10:15:43","date_gmt":"2020-10-13T08:15:43","guid":{"rendered":"https:\/\/www.nubeocho.comproducto\/voy-portarme-muy-bien-en\/"},"modified":"2024-05-10T12:49:24","modified_gmt":"2024-05-10T10:49:24","slug":"voy-portarme-muy-bien-en","status":"publish","type":"product","link":"https:\/\/www.nubeocho.com\/en\/product\/voy-portarme-muy-bien-en\/","title":{"rendered":"Voy a portarme muy bien"},"content":{"rendered":"<p>Sim\u00f3n is a dog with all the best intentions. And his owner, Alfonso, has all the best hopes that Sim\u00f3n will be a well-behaved dog when he leaves him alone for the day. But when Sim\u00f3n spies a delicious cake sitting on the kitchen table, his resolve starts to waver. It\u2019s so hard to be a good dog when there are cakes to eat, cats to chase, and flowers to dig up! Whatever will Alfonso say when he gets back?<\/p>\n<p>Sim\u00f3n quiere portarse bien. Pero cuando Alfonso sale a hacer un recado y Sim\u00f3n ve en la mesa de la cocina una deliciosa tarta\u2026 es que\u2026 es que\u2026\u00a1No puede evitarlo!<\/p>\n<p>Ser bueno todo el rato es muy dif\u00edcil. \u00a1Sobre todo para Sim\u00f3n!<\/p>\n","protected":false},"excerpt":{"rendered":"<p>It&#8217;s hard work being good all the time \u2013 and it&#8217;s especially hard for a dog like Sim\u00f3n! A laugh-out-loud, visual romp from the acclaimed Chris Haughton, author-illustrator of A Bit Lost and Shh! We Have a Plan.<\/p>\n<p>Es dif\u00edcil ser bueno todo el tiempo, \u00a1especialmente para un perro como Sim\u00f3n! Una carcajada visual del aclamado Chris Haughton.<\/p>\n","protected":false},"featured_media":4350,"template":"","meta":[],"product_brand":[],"product_cat":[619,623,626],"product_tag":[1602,1633,1606],"class_list":{"0":"post-11375","1":"product","2":"type-product","3":"status-publish","4":"has-post-thumbnail","6":"colecciones-somos8-en","7":"edades-2-en","8":"product_cat-catalogue","9":"product_cat-news","10":"product_cat-picture-book","11":"product_tag-friendship","12":"product_tag-humor-en","13":"product_tag-international-authors","15":"first","16":"instock","17":"product-type-simple"},"acf":[],"_links":{"self":[{"href":"https:\/\/www.nubeocho.com\/en\/wp-json\/wp\/v2\/product\/11375","targetHints":{"allow":["GET"]}}],"collection":[{"href":"https:\/\/www.nubeocho.com\/en\/wp-json\/wp\/v2\/product"}],"about":[{"href":"https:\/\/www.nubeocho.com\/en\/wp-json\/wp\/v2\/types\/product"}],"wp:featuredmedia":[{"embeddable":true,"href":"https:\/\/www.nubeocho.com\/en\/wp-json\/wp\/v2\/media\/4350"}],"wp:attachment":[{"href":"https:\/\/www.nubeocho.com\/en\/wp-json\/wp\/v2\/media?parent=11375"}],"wp:term":[{"taxonomy":"product_brand","embeddable":true,"href":"https:\/\/www.nubeocho.com\/en\/wp-json\/wp\/v2\/product_brand?post=11375"},{"taxonomy":"product_cat","embeddable":true,"href":"https:\/\/www.nubeocho.com\/en\/wp-json\/wp\/v2\/product_cat?post=11375"},{"taxonomy":"product_tag","embeddable":true,"href":"https:\/\/www.nubeocho.com\/en\/wp-json\/wp\/v2\/product_tag?post=11375"}],"curies":[{"name":"wp","href":"https:\/\/api.w.org\/{rel}","templated":true}]}}