{"id":22753,"date":"2026-05-04T10:18:23","date_gmt":"2026-05-04T08:18:23","guid":{"rendered":"https:\/\/www.nubeocho.com\/?post_type=product&#038;p=22753"},"modified":"2026-05-04T10:18:23","modified_gmt":"2026-05-04T08:18:23","slug":"he-arribat-tard-perque","status":"publish","type":"product","link":"https:\/\/www.nubeocho.com\/ca\/producte\/he-arribat-tard-perque\/","title":{"rendered":"He arribat tard perqu\u00e8\u2026"},"content":{"rendered":"<p class=\"ql-align-justify\">Tot va comen\u00e7ar quan unes formigues gegantines li han pispat l\u2019esmorzar al protagonista, per\u00f2 tamb\u00e9 l\u2019han atacat uns ninges i un goril\u00b7la enorme. M\u00e9s tard, s\u2019ha encongit i despr\u00e9s s\u2019ha tornat molt gran, i ha acabat esmorzant amb la Caputxeta Vermella. I aix\u00ed va transcorrent les sorprenents aventures que aquest nen dona a la seva mestra per justificar que ha arribat tard a l\u2019escola. S\u00f3n tot excuses o hi ha una altra explicaci\u00f3 encara m\u00e9s enrevessada per la qual el nostre protagonista no ha arribat a temps?<\/p>\n","protected":false},"excerpt":{"rendered":"<p>Vet aqu\u00ed les hilarants i extravagants excuses que dona un nen a la seva mestra per justificar que ha arribat tard a l\u2019escola. Per\u00f2\u2026 i si no fossin excuses?<\/p>\n","protected":false},"featured_media":22755,"template":"","meta":[],"product_brand":[],"product_cat":[696,697],"product_tag":[1632],"class_list":{"0":"post-22753","1":"product","2":"type-product","3":"status-publish","4":"has-post-thumbnail","6":"colecciones-colleccio-som8","7":"edades-6-ca","8":"product_cat-cataleg","9":"product_cat-llibre-illustrat","10":"product_tag-humor-ca","12":"first","13":"instock","14":"taxable","15":"shipping-taxable","16":"product-type-simple"},"acf":[],"_links":{"self":[{"href":"https:\/\/www.nubeocho.com\/ca\/wp-json\/wp\/v2\/product\/22753","targetHints":{"allow":["GET"]}}],"collection":[{"href":"https:\/\/www.nubeocho.com\/ca\/wp-json\/wp\/v2\/product"}],"about":[{"href":"https:\/\/www.nubeocho.com\/ca\/wp-json\/wp\/v2\/types\/product"}],"wp:featuredmedia":[{"embeddable":true,"href":"https:\/\/www.nubeocho.com\/ca\/wp-json\/wp\/v2\/media\/22755"}],"wp:attachment":[{"href":"https:\/\/www.nubeocho.com\/ca\/wp-json\/wp\/v2\/media?parent=22753"}],"wp:term":[{"taxonomy":"product_brand","embeddable":true,"href":"https:\/\/www.nubeocho.com\/ca\/wp-json\/wp\/v2\/product_brand?post=22753"},{"taxonomy":"product_cat","embeddable":true,"href":"https:\/\/www.nubeocho.com\/ca\/wp-json\/wp\/v2\/product_cat?post=22753"},{"taxonomy":"product_tag","embeddable":true,"href":"https:\/\/www.nubeocho.com\/ca\/wp-json\/wp\/v2\/product_tag?post=22753"}],"curies":[{"name":"wp","href":"https:\/\/api.w.org\/{rel}","templated":true}]}}