{"id":22730,"date":"2026-05-04T09:21:06","date_gmt":"2026-05-04T07:21:06","guid":{"rendered":"https:\/\/www.nubeocho.com\/?post_type=product&#038;p=22730"},"modified":"2026-05-04T09:46:45","modified_gmt":"2026-05-04T07:46:45","slug":"tota-la-veritat-sobre-el-meu-increible-estiu","status":"publish","type":"product","link":"https:\/\/www.nubeocho.com\/ca\/producte\/tota-la-veritat-sobre-el-meu-increible-estiu\/","title":{"rendered":"Tota la veritat sobre el meu incre\u00efble estiu"},"content":{"rendered":"<p>Quan una professora pregunta al seu alumne qu\u00e8 ha fet a l\u2019estiu, ell l\u2019avisa que la hist\u00f2ria \u00e9s dif\u00edcil de creure. El que va comen\u00e7ar com un dia tranquil de platja es va convertir en una cerca del tresor al voltant del m\u00f3n, amb aventures incre\u00efbles, un reguitzell de personatges extravagants i un ocell molt entremaliat! \u00c9s tot pura invenci\u00f3 o ha sigut l\u2019estiu m\u00e9s incre\u00efble de la hist\u00f2ria?<\/p>\n<p>Del t\u00e0ndem de <em>No he fet els deures perqu\u00e8&#8230;<\/em> i <em>He arribat tard perqu\u00e8&#8230;<\/em>, Davide Cali i Benjamin Chaud, arriba una fant\u00e0stica i trepidant aventura d\u2019estiu amb unes il\u00b7lustracions plenes de detalls, tan incre\u00efble que pot ser real!<\/p>\n","protected":false},"excerpt":{"rendered":"<p>Qu\u00e8 ha passat durant les vacances? Una mestra curiosa vol saber-ho, per\u00f2 l\u2019explicaci\u00f3 \u00e9s tan \u00e8pica que costa de creure. S\u2019ho ha inventat tot o \u00e9s veritat?<\/p>\n","protected":false},"featured_media":22731,"template":"","meta":[],"product_brand":[],"product_cat":[696,697],"product_tag":[1605,1632],"class_list":{"0":"post-22730","1":"product","2":"type-product","3":"status-publish","4":"has-post-thumbnail","6":"colecciones-colleccio-som8","7":"edades-6-ca","8":"product_cat-cataleg","9":"product_cat-llibre-illustrat","10":"product_tag-autors-internacionals","11":"product_tag-humor-ca","13":"first","14":"instock","15":"taxable","16":"shipping-taxable","17":"product-type-simple"},"acf":[],"_links":{"self":[{"href":"https:\/\/www.nubeocho.com\/ca\/wp-json\/wp\/v2\/product\/22730","targetHints":{"allow":["GET"]}}],"collection":[{"href":"https:\/\/www.nubeocho.com\/ca\/wp-json\/wp\/v2\/product"}],"about":[{"href":"https:\/\/www.nubeocho.com\/ca\/wp-json\/wp\/v2\/types\/product"}],"wp:featuredmedia":[{"embeddable":true,"href":"https:\/\/www.nubeocho.com\/ca\/wp-json\/wp\/v2\/media\/22731"}],"wp:attachment":[{"href":"https:\/\/www.nubeocho.com\/ca\/wp-json\/wp\/v2\/media?parent=22730"}],"wp:term":[{"taxonomy":"product_brand","embeddable":true,"href":"https:\/\/www.nubeocho.com\/ca\/wp-json\/wp\/v2\/product_brand?post=22730"},{"taxonomy":"product_cat","embeddable":true,"href":"https:\/\/www.nubeocho.com\/ca\/wp-json\/wp\/v2\/product_cat?post=22730"},{"taxonomy":"product_tag","embeddable":true,"href":"https:\/\/www.nubeocho.com\/ca\/wp-json\/wp\/v2\/product_tag?post=22730"}],"curies":[{"name":"wp","href":"https:\/\/api.w.org\/{rel}","templated":true}]}}