{"id":22670,"date":"2026-04-27T08:52:45","date_gmt":"2026-04-27T06:52:45","guid":{"rendered":"https:\/\/www.nubeocho.com\/?post_type=product&#038;p=22670"},"modified":"2026-04-27T09:00:10","modified_gmt":"2026-04-27T07:00:10","slug":"jo-vaig-amb-mi","status":"publish","type":"product","link":"https:\/\/www.nubeocho.com\/ca\/producte\/jo-vaig-amb-mi\/","title":{"rendered":"Jo vaig amb mi"},"content":{"rendered":"<p>A la nostra protagonista li agrada en Mart\u00ed. Per\u00f2 la Ll\u00facia li ha dit que a ell potser no li agraden les cuetes; l\u2019Anna pensa que el problema potser rau en les ulleres; i en Llu\u00eds ha pensat que a en Mart\u00ed potser no li agraden les can\u00e7ons que ella sempre taral\u00b7leja.<\/p>\n<p>NubeOcho publica <em>Jo vaig amb mi<\/em>, <strong>un llibre amb m\u00e9s de 75.000 lector@s<\/strong>, que s\u2019ha adaptat en un curtmetratge amb 10 premis internacionals i 130 seleccions. <strong>Un llibre indispensable per parlar d\u2019autoestima i identitat<\/strong>.<\/p>\n","protected":false},"excerpt":{"rendered":"<p>Haur\u00edem de canviar per agradar a alg\u00fa? I si, en fer-ho, perd\u00e9ssim la nostra pr\u00f2pia identitat?<\/p>\n","protected":false},"featured_media":22671,"template":"","meta":[],"product_brand":[],"product_cat":[696,697],"product_tag":[1635,1644],"class_list":{"0":"post-22670","1":"product","2":"type-product","3":"status-publish","4":"has-post-thumbnail","6":"colecciones-colleccio-som8","7":"edades-7-cat","8":"product_cat-cataleg","9":"product_cat-llibre-illustrat","10":"product_tag-igualtat-feminisme","11":"product_tag-per-reflexionar","13":"first","14":"instock","15":"taxable","16":"shipping-taxable","17":"product-type-simple"},"acf":[],"_links":{"self":[{"href":"https:\/\/www.nubeocho.com\/ca\/wp-json\/wp\/v2\/product\/22670","targetHints":{"allow":["GET"]}}],"collection":[{"href":"https:\/\/www.nubeocho.com\/ca\/wp-json\/wp\/v2\/product"}],"about":[{"href":"https:\/\/www.nubeocho.com\/ca\/wp-json\/wp\/v2\/types\/product"}],"wp:featuredmedia":[{"embeddable":true,"href":"https:\/\/www.nubeocho.com\/ca\/wp-json\/wp\/v2\/media\/22671"}],"wp:attachment":[{"href":"https:\/\/www.nubeocho.com\/ca\/wp-json\/wp\/v2\/media?parent=22670"}],"wp:term":[{"taxonomy":"product_brand","embeddable":true,"href":"https:\/\/www.nubeocho.com\/ca\/wp-json\/wp\/v2\/product_brand?post=22670"},{"taxonomy":"product_cat","embeddable":true,"href":"https:\/\/www.nubeocho.com\/ca\/wp-json\/wp\/v2\/product_cat?post=22670"},{"taxonomy":"product_tag","embeddable":true,"href":"https:\/\/www.nubeocho.com\/ca\/wp-json\/wp\/v2\/product_tag?post=22670"}],"curies":[{"name":"wp","href":"https:\/\/api.w.org\/{rel}","templated":true}]}}