{"id":22592,"date":"2026-04-20T11:25:53","date_gmt":"2026-04-20T09:25:53","guid":{"rendered":"https:\/\/www.nubeocho.com\/?post_type=product&#038;p=22592"},"modified":"2026-04-20T12:10:18","modified_gmt":"2026-04-20T10:10:18","slug":"ara","status":"publish","type":"product","link":"https:\/\/www.nubeocho.com\/ca\/producte\/ara\/","title":{"rendered":"Ara"},"content":{"rendered":"<p>De vegades penses com ser\u00e0 el teu futur? Tant pot ser que hi hagi ocasions en qu\u00e8 t\u2019imaginis dies lluminosos, com d\u2019altres en qu\u00e8 tinguis dubtes. Per\u00f2 saber qu\u00e8 passar\u00e0 \u00e9s impossible. ARA ets aqu\u00ed, est\u00e0s viu i hi ha vida al teu voltant. ARA \u00e9s quan passen les coses importants: pots sentir el so del mar malgrat que n\u2019estiguis lluny, pots fer una abra\u00e7ada o crear alguna cosa de la qual n\u2019estiguis orgull\u00f3s\u2026 Just ara pot ser l\u2019inici d\u2019alguna cosa incre\u00efble.<\/p>\n","protected":false},"excerpt":{"rendered":"<p>ARA comen\u00e7a una aventura incre\u00efble. \u00c9s en aquest prec\u00eds instant en qu\u00e8 vivim les coses importants. Mira al voltant i descobreix que ARA comen\u00e7a un dia meravell\u00f3s.<\/p>\n","protected":false},"featured_media":22593,"template":"","meta":[],"product_brand":[],"product_cat":[696,697],"product_tag":[1620,1644],"class_list":{"0":"post-22592","1":"product","2":"type-product","3":"status-publish","4":"has-post-thumbnail","6":"colecciones-colleccio-som8","7":"edades-4-ca","8":"product_cat-cataleg","9":"product_cat-llibre-illustrat","10":"product_tag-emocions","11":"product_tag-per-reflexionar","13":"first","14":"instock","15":"taxable","16":"shipping-taxable","17":"product-type-simple"},"acf":[],"_links":{"self":[{"href":"https:\/\/www.nubeocho.com\/ca\/wp-json\/wp\/v2\/product\/22592","targetHints":{"allow":["GET"]}}],"collection":[{"href":"https:\/\/www.nubeocho.com\/ca\/wp-json\/wp\/v2\/product"}],"about":[{"href":"https:\/\/www.nubeocho.com\/ca\/wp-json\/wp\/v2\/types\/product"}],"wp:featuredmedia":[{"embeddable":true,"href":"https:\/\/www.nubeocho.com\/ca\/wp-json\/wp\/v2\/media\/22593"}],"wp:attachment":[{"href":"https:\/\/www.nubeocho.com\/ca\/wp-json\/wp\/v2\/media?parent=22592"}],"wp:term":[{"taxonomy":"product_brand","embeddable":true,"href":"https:\/\/www.nubeocho.com\/ca\/wp-json\/wp\/v2\/product_brand?post=22592"},{"taxonomy":"product_cat","embeddable":true,"href":"https:\/\/www.nubeocho.com\/ca\/wp-json\/wp\/v2\/product_cat?post=22592"},{"taxonomy":"product_tag","embeddable":true,"href":"https:\/\/www.nubeocho.com\/ca\/wp-json\/wp\/v2\/product_tag?post=22592"}],"curies":[{"name":"wp","href":"https:\/\/api.w.org\/{rel}","templated":true}]}}