{"id":22548,"date":"2026-04-14T09:46:43","date_gmt":"2026-04-14T07:46:43","guid":{"rendered":"https:\/\/www.nubeocho.com\/?post_type=product&#038;p=22548"},"modified":"2026-04-14T10:20:05","modified_gmt":"2026-04-14T08:20:05","slug":"princeses-davui-dia","status":"publish","type":"product","link":"https:\/\/www.nubeocho.com\/ca\/producte\/princeses-davui-dia\/","title":{"rendered":"Princeses d\u2019avui dia"},"content":{"rendered":"<p>Quan pensem en princeses, ens imaginem contes cl\u00e0ssics, castells, dracs i fades. Per\u00f2&#8230; saps qu\u00e8? No totes les princeses pertanyen al m\u00f3n de la fantasia. Al nostre voltant hi ha moltes princeses de carn i ossos, que tenen aficions, persegueixen els seus somnis, viuen aventures i no necessiten assemblar-se a ning\u00fa. Elles s\u00f3n les veritables princeses d\u2019avui dia.\u00a0Segur que en coneixes alguna! Potser una companya de l\u2019escola, potser la teva mare, la teva \u00e0via&#8230; potser tu tamb\u00e9 ets una princesa!<\/p>\n<p><strong>Vols saber-ne m\u00e9s, d\u2019elles? En aquest llibre, hi trobar\u00e0s les seves hist\u00f2ries, que s\u00f3n inspiradores.\u00a0<\/strong><\/p>\n<p><strong>Disset microrelats de princeses actuals escrits per Dolores Brown i Luis Amavisca, i il\u00b7lustrats per la celebrada Sonja Wimmer, il\u00b7lustradora de\u00a0<em>Filla<\/em>\u00a0i de\u00a0<em>Fill<\/em>.<\/strong><\/p>\n<p>Dolores Brown i Sonja Wimmer revisiten el seu llibre <em>Les princeses m\u00e9s valentes<\/em>, aquest cop juntament amb Luis Amavisca. Aix\u00f2 \u00e9s el que van dir mitjans i personalitats sobre l\u2019\u00e0lbum.<\/p>\n<p>\u201cEl missatge inclusiu de Dolores Brown \u00e9s aut\u00e8ntic i genu\u00ed.\u201d <strong><em>\u00a0Publishers Weekly<\/em><\/strong><\/p>\n<p>\u201cUn llibre preci\u00f3s i inspirador que ensenya a ser una princesa de veritat.\u201d <strong>Rosa Montero<\/strong>, Premi Nacional de les Lletres<\/p>\n","protected":false},"excerpt":{"rendered":"<p>I si tinguessis una princesa a prop i no te n\u2019adonessis perqu\u00e8 no porta la corona posada?<\/p>\n","protected":false},"featured_media":22549,"template":"","meta":[],"product_brand":[],"product_cat":[696,697],"product_tag":[1635],"class_list":{"0":"post-22548","1":"product","2":"type-product","3":"status-publish","4":"has-post-thumbnail","6":"colecciones-egalite-ca","7":"edades-4-ca","8":"product_cat-cataleg","9":"product_cat-llibre-illustrat","10":"product_tag-igualtat-feminisme","12":"first","13":"instock","14":"taxable","15":"shipping-taxable","16":"product-type-simple"},"acf":[],"_links":{"self":[{"href":"https:\/\/www.nubeocho.com\/ca\/wp-json\/wp\/v2\/product\/22548","targetHints":{"allow":["GET"]}}],"collection":[{"href":"https:\/\/www.nubeocho.com\/ca\/wp-json\/wp\/v2\/product"}],"about":[{"href":"https:\/\/www.nubeocho.com\/ca\/wp-json\/wp\/v2\/types\/product"}],"wp:featuredmedia":[{"embeddable":true,"href":"https:\/\/www.nubeocho.com\/ca\/wp-json\/wp\/v2\/media\/22549"}],"wp:attachment":[{"href":"https:\/\/www.nubeocho.com\/ca\/wp-json\/wp\/v2\/media?parent=22548"}],"wp:term":[{"taxonomy":"product_brand","embeddable":true,"href":"https:\/\/www.nubeocho.com\/ca\/wp-json\/wp\/v2\/product_brand?post=22548"},{"taxonomy":"product_cat","embeddable":true,"href":"https:\/\/www.nubeocho.com\/ca\/wp-json\/wp\/v2\/product_cat?post=22548"},{"taxonomy":"product_tag","embeddable":true,"href":"https:\/\/www.nubeocho.com\/ca\/wp-json\/wp\/v2\/product_tag?post=22548"}],"curies":[{"name":"wp","href":"https:\/\/api.w.org\/{rel}","templated":true}]}}