{"id":22457,"date":"2026-04-07T12:45:43","date_gmt":"2026-04-07T10:45:43","guid":{"rendered":"https:\/\/www.nubeocho.com\/?post_type=product&#038;p=22457"},"modified":"2026-04-07T13:18:06","modified_gmt":"2026-04-07T11:18:06","slug":"a-la-recerca-de-la-capi","status":"publish","type":"product","link":"https:\/\/www.nubeocho.com\/ca\/producte\/a-la-recerca-de-la-capi\/","title":{"rendered":"A la recerca de la Capi"},"content":{"rendered":"<p class=\"ql-align-justify\">La fam\u00edlia Capibara decideix anar a visitar els seus cosins, per\u00f2 \u00e9s un viatge llarg i molt perill\u00f3s. Han de romandre units. La petita Capi es troba amb la papallona m\u00e9s incre\u00efble que ha vist a la seva vida i no pot evitar perseguir-la. \u201cOn \u00e9s la Capi?\u201d, diu el seu germ\u00e0. Tota la fam\u00edlia la busca i pregunta a diferents animals: a un c\u00e9rvol, a un armadillo i incl\u00fas a una temible anaconda! Per\u00f2 cap d\u2019ells pot ajudar-los.<\/p>\n<p class=\"ql-align-justify\">Aconseguiran trobar la Capi?<\/p>\n","protected":false},"excerpt":{"rendered":"<p>La petita dels Capibara s\u2019ha perdut. La seva fam\u00edlia pregunta a diversos animals, per\u00f2 no aconsegueixen trobar-la. On s\u2019haur\u00e0 ficat?<\/p>\n","protected":false},"featured_media":22458,"template":"","meta":[],"product_brand":[],"product_cat":[696,697],"product_tag":[1626,1638],"class_list":{"0":"post-22457","1":"product","2":"type-product","3":"status-publish","4":"has-post-thumbnail","6":"colecciones-colleccio-som8","7":"edades-3-ca","8":"product_cat-cataleg","9":"product_cat-llibre-illustrat","10":"product_tag-familia-ca","11":"product_tag-pors","13":"first","14":"instock","15":"taxable","16":"shipping-taxable","17":"product-type-simple"},"acf":[],"_links":{"self":[{"href":"https:\/\/www.nubeocho.com\/ca\/wp-json\/wp\/v2\/product\/22457","targetHints":{"allow":["GET"]}}],"collection":[{"href":"https:\/\/www.nubeocho.com\/ca\/wp-json\/wp\/v2\/product"}],"about":[{"href":"https:\/\/www.nubeocho.com\/ca\/wp-json\/wp\/v2\/types\/product"}],"wp:featuredmedia":[{"embeddable":true,"href":"https:\/\/www.nubeocho.com\/ca\/wp-json\/wp\/v2\/media\/22458"}],"wp:attachment":[{"href":"https:\/\/www.nubeocho.com\/ca\/wp-json\/wp\/v2\/media?parent=22457"}],"wp:term":[{"taxonomy":"product_brand","embeddable":true,"href":"https:\/\/www.nubeocho.com\/ca\/wp-json\/wp\/v2\/product_brand?post=22457"},{"taxonomy":"product_cat","embeddable":true,"href":"https:\/\/www.nubeocho.com\/ca\/wp-json\/wp\/v2\/product_cat?post=22457"},{"taxonomy":"product_tag","embeddable":true,"href":"https:\/\/www.nubeocho.com\/ca\/wp-json\/wp\/v2\/product_tag?post=22457"}],"curies":[{"name":"wp","href":"https:\/\/api.w.org\/{rel}","templated":true}]}}