{"id":22402,"date":"2026-03-26T09:42:09","date_gmt":"2026-03-26T08:42:09","guid":{"rendered":"https:\/\/www.nubeocho.com\/?post_type=product&#038;p=22402"},"modified":"2026-03-26T10:29:40","modified_gmt":"2026-03-26T09:29:40","slug":"en-ricard-un-camaleo-peculiar","status":"publish","type":"product","link":"https:\/\/www.nubeocho.com\/ca\/producte\/en-ricard-un-camaleo-peculiar\/","title":{"rendered":"En Ricard, un camale\u00f3 peculiar"},"content":{"rendered":"<p>En Ricard \u00e9s diferent de la resta de camaleons perqu\u00e8 no t\u00e9 la pell de colors, sin\u00f3 blanca. Ell vol ser com els altres i est\u00e0 disposat a fer el que sigui per aconseguir-ho: pintar-se les escames, esgotar-se ca\u00e7ant mosques&#8230; Per\u00f2 res funciona com ell voldria. Descobrir\u00e0 qu\u00e8 li fa falta per agradar als altres? I de veritat que \u00e9s tan important agradar als altres?<\/p>\n","protected":false},"excerpt":{"rendered":"<p>En Ricard vol tenir colors vius com els altres camaleons, per\u00f2 \u00e9s completament blanc. Fins a on arribar\u00e0 per ser com els altres?<\/p>\n","protected":false},"featured_media":22403,"template":"","meta":[],"product_brand":[],"product_cat":[696,697],"product_tag":[1614,1620,1635],"class_list":{"0":"post-22402","1":"product","2":"type-product","3":"status-publish","4":"has-post-thumbnail","6":"colecciones-colleccio-som8","7":"edades-3-ca","8":"product_cat-cataleg","9":"product_cat-llibre-illustrat","10":"product_tag-diversitat","11":"product_tag-emocions","12":"product_tag-igualtat-feminisme","14":"first","15":"instock","16":"taxable","17":"shipping-taxable","18":"product-type-simple"},"acf":[],"_links":{"self":[{"href":"https:\/\/www.nubeocho.com\/ca\/wp-json\/wp\/v2\/product\/22402","targetHints":{"allow":["GET"]}}],"collection":[{"href":"https:\/\/www.nubeocho.com\/ca\/wp-json\/wp\/v2\/product"}],"about":[{"href":"https:\/\/www.nubeocho.com\/ca\/wp-json\/wp\/v2\/types\/product"}],"wp:featuredmedia":[{"embeddable":true,"href":"https:\/\/www.nubeocho.com\/ca\/wp-json\/wp\/v2\/media\/22403"}],"wp:attachment":[{"href":"https:\/\/www.nubeocho.com\/ca\/wp-json\/wp\/v2\/media?parent=22402"}],"wp:term":[{"taxonomy":"product_brand","embeddable":true,"href":"https:\/\/www.nubeocho.com\/ca\/wp-json\/wp\/v2\/product_brand?post=22402"},{"taxonomy":"product_cat","embeddable":true,"href":"https:\/\/www.nubeocho.com\/ca\/wp-json\/wp\/v2\/product_cat?post=22402"},{"taxonomy":"product_tag","embeddable":true,"href":"https:\/\/www.nubeocho.com\/ca\/wp-json\/wp\/v2\/product_tag?post=22402"}],"curies":[{"name":"wp","href":"https:\/\/api.w.org\/{rel}","templated":true}]}}