{"id":22290,"date":"2026-03-02T13:27:48","date_gmt":"2026-03-02T12:27:48","guid":{"rendered":"https:\/\/www.nubeocho.com\/?post_type=product&#038;p=22290"},"modified":"2026-03-06T13:44:48","modified_gmt":"2026-03-06T12:44:48","slug":"el-teu-cos-es-teu-edicio-de-carto","status":"publish","type":"product","link":"https:\/\/www.nubeocho.com\/ca\/producte\/el-teu-cos-es-teu-edicio-de-carto\/","title":{"rendered":"El teu cos \u00e9s teu (edici\u00f3 de cartr\u00f3)"},"content":{"rendered":"<p class=\"ql-align-justify\">El teu cos \u00e9s teu. I \u00e9s meravell\u00f3s. Quan acabis de llegir aquest llibre sabr\u00e0s una mica m\u00e9s sobre com cuidar-lo.<\/p>\n<p class=\"ql-align-justify\"><strong>Nova edici\u00f3 de cartr\u00f3<\/strong> d&#8217;aquest llibre imprescindible en el qual l&#8217;autora Luc\u00eda Serrano, amb ajuda i assessorament d&#8217;especialistes, <strong>parla de sexualitat i de prevenci\u00f3 d&#8217;abusos a les nenes i nens<\/strong>, amb un llenguatge senzill i directe. <strong>M\u00e9s de 325.000 llibres venuts a tot el m\u00f3n!<\/strong><\/p>\n","protected":false},"excerpt":{"rendered":"<p>Format de cartr\u00f3 per a aquest llibre que, de manera pr\u00f2xima i did\u00e0ctica, ajuda a nenes i nens a entendre com \u00e9s el seu cos i a saber actuar en diferents situacions.<\/p>\n","protected":false},"featured_media":22346,"template":"","meta":[],"product_brand":[],"product_cat":[696,1154],"product_tag":[1620,1644,1638],"class_list":{"0":"post-22290","1":"product","2":"type-product","3":"status-publish","4":"has-post-thumbnail","6":"colecciones-colleccio-som8","7":"edades-3-ca","8":"product_cat-cataleg","9":"product_cat-llibre-de-cartro","10":"product_tag-emocions","11":"product_tag-per-reflexionar","12":"product_tag-pors","14":"first","15":"instock","16":"taxable","17":"shipping-taxable","18":"product-type-simple"},"acf":[],"_links":{"self":[{"href":"https:\/\/www.nubeocho.com\/ca\/wp-json\/wp\/v2\/product\/22290","targetHints":{"allow":["GET"]}}],"collection":[{"href":"https:\/\/www.nubeocho.com\/ca\/wp-json\/wp\/v2\/product"}],"about":[{"href":"https:\/\/www.nubeocho.com\/ca\/wp-json\/wp\/v2\/types\/product"}],"wp:featuredmedia":[{"embeddable":true,"href":"https:\/\/www.nubeocho.com\/ca\/wp-json\/wp\/v2\/media\/22346"}],"wp:attachment":[{"href":"https:\/\/www.nubeocho.com\/ca\/wp-json\/wp\/v2\/media?parent=22290"}],"wp:term":[{"taxonomy":"product_brand","embeddable":true,"href":"https:\/\/www.nubeocho.com\/ca\/wp-json\/wp\/v2\/product_brand?post=22290"},{"taxonomy":"product_cat","embeddable":true,"href":"https:\/\/www.nubeocho.com\/ca\/wp-json\/wp\/v2\/product_cat?post=22290"},{"taxonomy":"product_tag","embeddable":true,"href":"https:\/\/www.nubeocho.com\/ca\/wp-json\/wp\/v2\/product_tag?post=22290"}],"curies":[{"name":"wp","href":"https:\/\/api.w.org\/{rel}","templated":true}]}}