{"id":22268,"date":"2026-02-23T11:35:09","date_gmt":"2026-02-23T10:35:09","guid":{"rendered":"https:\/\/www.nubeocho.com\/?post_type=product&#038;p=22268"},"modified":"2026-02-23T11:42:49","modified_gmt":"2026-02-23T10:42:49","slug":"tres-desitjos","status":"publish","type":"product","link":"https:\/\/www.nubeocho.com\/ca\/producte\/tres-desitjos\/","title":{"rendered":"Tres desitjos"},"content":{"rendered":"<p>Un dia a l\u2019any els desitjos volen i, si et trien, es compleixen. Al Conill mai n\u2019hi havia tocat cap, per\u00f2 avui n\u2019hi han concedit tres! Pregunta a l\u2019Ossa, la Ratolina i la Guineu, els seus amics, qu\u00e8 desitgen per veure si les seves idees l\u2019ajuden a decidir-se. El Conill enumera els desitjos dels seus amics, per\u00f2 es queda sense cap desig per a ell&#8230; Est\u00e0 molt trist, perqu\u00e8 encara no ha descobert que pensar en els altres et pot portar moltes coses bones.<\/p>\n<p>Un conte m\u00e0gic i llumin\u00f3s sobre la generositat i el poder de l\u2019amistat. De l\u2019autor brit\u00e0nic reconegut internacionalment Chris Saunders.<\/p>\n","protected":false},"excerpt":{"rendered":"<p>Al Conill li han concedit tres desitjos. I no sap qu\u00e8 demanar. Ho pregunta als seus amics perqu\u00e8 l\u2019ajudin a decidir quines coses incre\u00efbles triar.<\/p>\n","protected":false},"featured_media":22270,"template":"","meta":[],"product_brand":[],"product_cat":[696,697],"product_tag":[1605,1620,1644],"class_list":{"0":"post-22268","1":"product","2":"type-product","3":"status-publish","4":"has-post-thumbnail","6":"colecciones-colleccio-som8","7":"edades-3-ca","8":"product_cat-cataleg","9":"product_cat-llibre-illustrat","10":"product_tag-autors-internacionals","11":"product_tag-emocions","12":"product_tag-per-reflexionar","14":"first","15":"instock","16":"taxable","17":"shipping-taxable","18":"product-type-simple"},"acf":[],"_links":{"self":[{"href":"https:\/\/www.nubeocho.com\/ca\/wp-json\/wp\/v2\/product\/22268","targetHints":{"allow":["GET"]}}],"collection":[{"href":"https:\/\/www.nubeocho.com\/ca\/wp-json\/wp\/v2\/product"}],"about":[{"href":"https:\/\/www.nubeocho.com\/ca\/wp-json\/wp\/v2\/types\/product"}],"wp:featuredmedia":[{"embeddable":true,"href":"https:\/\/www.nubeocho.com\/ca\/wp-json\/wp\/v2\/media\/22270"}],"wp:attachment":[{"href":"https:\/\/www.nubeocho.com\/ca\/wp-json\/wp\/v2\/media?parent=22268"}],"wp:term":[{"taxonomy":"product_brand","embeddable":true,"href":"https:\/\/www.nubeocho.com\/ca\/wp-json\/wp\/v2\/product_brand?post=22268"},{"taxonomy":"product_cat","embeddable":true,"href":"https:\/\/www.nubeocho.com\/ca\/wp-json\/wp\/v2\/product_cat?post=22268"},{"taxonomy":"product_tag","embeddable":true,"href":"https:\/\/www.nubeocho.com\/ca\/wp-json\/wp\/v2\/product_tag?post=22268"}],"curies":[{"name":"wp","href":"https:\/\/api.w.org\/{rel}","templated":true}]}}