{"id":22209,"date":"2026-02-16T08:52:04","date_gmt":"2026-02-16T07:52:04","guid":{"rendered":"https:\/\/www.nubeocho.com\/?post_type=product&#038;p=22209"},"modified":"2026-02-25T09:17:59","modified_gmt":"2026-02-25T08:17:59","slug":"lapagada","status":"publish","type":"product","link":"https:\/\/www.nubeocho.com\/ca\/producte\/lapagada\/","title":{"rendered":"L&#8217;apagada"},"content":{"rendered":"<p>Aquesta \u00e9s la hist\u00f2ria de la Paula, la seva gosseta i el seu pare. Tamb\u00e9 \u00e9s la hist\u00f2ria de les seves ve\u00efnes i ve\u00efns. L\u2019apagada va arribar sense avisar. L\u2019edifici es va quedar a les fosques i en Felip no va berenar veient la tele, i el pare de la Paula no va treballar a l\u2019ordinador ni va fer servir el tel\u00e8fon\u2026 No hi havia llum, per\u00f2 la Paula, la Saida, en Felip i la Lluna no es van oblidar de jugar i van passar una tarda inoblidable.<\/p>\n<p><strong>Una hist\u00f2ria sobre la import\u00e0ncia de la desconnexi\u00f3 de les pantalles.<\/strong> D\u2019un dels autors de <em>Visca les ungles de colors<\/em>.<\/p>\n","protected":false},"excerpt":{"rendered":"<p>Tot es va quedar a les fosques. Sense electricitat, sense m\u00f2bils ni televisions, les espelmes van il\u00b7luminar durant unes hores la vida de la Paula i els seus ve\u00efns.<\/p>\n","protected":false},"featured_media":22210,"template":"","meta":[],"product_brand":[],"product_cat":[696,697],"product_tag":[1626,1644],"class_list":{"0":"post-22209","1":"product","2":"type-product","3":"status-publish","4":"has-post-thumbnail","6":"colecciones-colleccio-som8","7":"edades-3-ca","8":"product_cat-cataleg","9":"product_cat-llibre-illustrat","10":"product_tag-familia-ca","11":"product_tag-per-reflexionar","13":"first","14":"instock","15":"taxable","16":"shipping-taxable","17":"product-type-simple"},"acf":[],"_links":{"self":[{"href":"https:\/\/www.nubeocho.com\/ca\/wp-json\/wp\/v2\/product\/22209","targetHints":{"allow":["GET"]}}],"collection":[{"href":"https:\/\/www.nubeocho.com\/ca\/wp-json\/wp\/v2\/product"}],"about":[{"href":"https:\/\/www.nubeocho.com\/ca\/wp-json\/wp\/v2\/types\/product"}],"wp:featuredmedia":[{"embeddable":true,"href":"https:\/\/www.nubeocho.com\/ca\/wp-json\/wp\/v2\/media\/22210"}],"wp:attachment":[{"href":"https:\/\/www.nubeocho.com\/ca\/wp-json\/wp\/v2\/media?parent=22209"}],"wp:term":[{"taxonomy":"product_brand","embeddable":true,"href":"https:\/\/www.nubeocho.com\/ca\/wp-json\/wp\/v2\/product_brand?post=22209"},{"taxonomy":"product_cat","embeddable":true,"href":"https:\/\/www.nubeocho.com\/ca\/wp-json\/wp\/v2\/product_cat?post=22209"},{"taxonomy":"product_tag","embeddable":true,"href":"https:\/\/www.nubeocho.com\/ca\/wp-json\/wp\/v2\/product_tag?post=22209"}],"curies":[{"name":"wp","href":"https:\/\/api.w.org\/{rel}","templated":true}]}}