{"id":22193,"date":"2026-02-09T12:17:48","date_gmt":"2026-02-09T11:17:48","guid":{"rendered":"https:\/\/www.nubeocho.com\/?post_type=product&#038;p=22193"},"modified":"2026-02-16T08:35:30","modified_gmt":"2026-02-16T07:35:30","slug":"el-cant-de-les-balenes","status":"publish","type":"product","link":"https:\/\/www.nubeocho.com\/ca\/producte\/el-cant-de-les-balenes\/","title":{"rendered":"El cant de les balenes"},"content":{"rendered":"<p>El cant de les balenes amb gep fascina la humanitat. \u00c9s un so hipn\u00f2tic i molt bonic, sembla m\u00fasica d\u2019un altre planeta. Els cient\u00edfics encara no han aconseguit desxifrar-ne el significat, \u00e9s un dels grans enigmes del m\u00f3n natural.<\/p>\n<p>Les can\u00e7ons estan compostes per rugits, esclafits, xiulets i pulsacions. Tots els mascles d\u2019un mateix grup canten la mateixa can\u00e7\u00f3 any rere any mentre recorren els oceans.<\/p>\n<p>L\u2019autora supervendes Nicola Davies i la guardonada il\u00b7lustradora Britta Teckentrup juntes per primera vegada en aquest preci\u00f3s \u00e0lbum de no-ficci\u00f3. Inclou efectes platejats a la portada! Escolta el cant animal m\u00e9s bonic de la natura en el codi QR que acompanya el llibre!<\/p>\n<p><a href=\"https:\/\/www.nubeocho.com\/wp-content\/uploads\/2026\/02\/QR-Ballena.png\"><img loading=\"lazy\" decoding=\"async\" class=\"alignnone wp-image-22199\" src=\"https:\/\/www.nubeocho.com\/wp-content\/uploads\/2026\/02\/QR-Ballena.png\" alt=\"\" width=\"158\" height=\"158\" \/><\/a><\/p>\n","protected":false},"excerpt":{"rendered":"<p>Escolta\u2026 Ho sents? Ara mateix, al fons del mar, una balena est\u00e0 cantant. Un \u00e0lbum de no-ficci\u00f3 preci\u00f3s sobre un dels grans misteris dels oceans.<\/p>\n","protected":false},"featured_media":22181,"template":"","meta":[],"product_brand":[],"product_cat":[696,697],"product_tag":[1614,1635],"class_list":{"0":"post-22193","1":"product","2":"type-product","3":"status-publish","4":"has-post-thumbnail","6":"colecciones-egalite-ca","7":"edades-3-ca","8":"product_cat-cataleg","9":"product_cat-llibre-illustrat","10":"product_tag-diversitat","11":"product_tag-igualtat-feminisme","13":"first","14":"instock","15":"product-type-simple"},"acf":[],"_links":{"self":[{"href":"https:\/\/www.nubeocho.com\/ca\/wp-json\/wp\/v2\/product\/22193","targetHints":{"allow":["GET"]}}],"collection":[{"href":"https:\/\/www.nubeocho.com\/ca\/wp-json\/wp\/v2\/product"}],"about":[{"href":"https:\/\/www.nubeocho.com\/ca\/wp-json\/wp\/v2\/types\/product"}],"wp:featuredmedia":[{"embeddable":true,"href":"https:\/\/www.nubeocho.com\/ca\/wp-json\/wp\/v2\/media\/22181"}],"wp:attachment":[{"href":"https:\/\/www.nubeocho.com\/ca\/wp-json\/wp\/v2\/media?parent=22193"}],"wp:term":[{"taxonomy":"product_brand","embeddable":true,"href":"https:\/\/www.nubeocho.com\/ca\/wp-json\/wp\/v2\/product_brand?post=22193"},{"taxonomy":"product_cat","embeddable":true,"href":"https:\/\/www.nubeocho.com\/ca\/wp-json\/wp\/v2\/product_cat?post=22193"},{"taxonomy":"product_tag","embeddable":true,"href":"https:\/\/www.nubeocho.com\/ca\/wp-json\/wp\/v2\/product_tag?post=22193"}],"curies":[{"name":"wp","href":"https:\/\/api.w.org\/{rel}","templated":true}]}}