{"id":22146,"date":"2026-02-03T08:44:22","date_gmt":"2026-02-03T07:44:22","guid":{"rendered":"https:\/\/www.nubeocho.com\/?post_type=product&#038;p=22146"},"modified":"2026-02-03T08:44:23","modified_gmt":"2026-02-03T07:44:23","slug":"un-mapa-per-a-palestina","status":"publish","type":"product","link":"https:\/\/www.nubeocho.com\/ca\/producte\/un-mapa-per-a-palestina\/","title":{"rendered":"Un mapa per a Palestina"},"content":{"rendered":"<p>La Laila i els seus companys de l\u2019escola tenen la tasca de trobar els pa\u00efsos d\u2019origen de les seves fam\u00edlies en un mapa, per\u00f2, per m\u00e9s que l\u2019hi busqui, la Laila no hi troba Palestina.<\/p>\n<p>Un pa\u00eds pot existir si no surt als mapes?<\/p>\n<p>Confosa, recorre a la seva fam\u00edlia per trobar respostes. El seu avi, la seva \u00e0via i la seva mare li mostren la seva terra natal des d\u2019una perspectiva diferent, i cada relat l\u2019ajuda a entendre la hist\u00f2ria del seu poble i el seu lloc al m\u00f3n.<\/p>\n","protected":false},"excerpt":{"rendered":"<p>Una nena no troba la seva terra natal en un mapa. On \u00e9s Palestina? No hi surt&#8230; La Laila necessita respostes, necessita entendre-ho. I ho pregunta a la seva fam\u00edlia.<\/p>\n","protected":false},"featured_media":22149,"template":"","meta":[],"product_brand":[],"product_cat":[696,697],"product_tag":[1605,1614,1620,1626,1644,1638],"class_list":{"0":"post-22146","1":"product","2":"type-product","3":"status-publish","4":"has-post-thumbnail","6":"colecciones-egalite-ca","7":"edades-4-ca","8":"product_cat-cataleg","9":"product_cat-llibre-illustrat","10":"product_tag-autors-internacionals","11":"product_tag-diversitat","12":"product_tag-emocions","13":"product_tag-familia-ca","14":"product_tag-per-reflexionar","15":"product_tag-pors","17":"first","18":"instock","19":"taxable","20":"shipping-taxable","21":"product-type-simple"},"acf":[],"_links":{"self":[{"href":"https:\/\/www.nubeocho.com\/ca\/wp-json\/wp\/v2\/product\/22146","targetHints":{"allow":["GET"]}}],"collection":[{"href":"https:\/\/www.nubeocho.com\/ca\/wp-json\/wp\/v2\/product"}],"about":[{"href":"https:\/\/www.nubeocho.com\/ca\/wp-json\/wp\/v2\/types\/product"}],"wp:featuredmedia":[{"embeddable":true,"href":"https:\/\/www.nubeocho.com\/ca\/wp-json\/wp\/v2\/media\/22149"}],"wp:attachment":[{"href":"https:\/\/www.nubeocho.com\/ca\/wp-json\/wp\/v2\/media?parent=22146"}],"wp:term":[{"taxonomy":"product_brand","embeddable":true,"href":"https:\/\/www.nubeocho.com\/ca\/wp-json\/wp\/v2\/product_brand?post=22146"},{"taxonomy":"product_cat","embeddable":true,"href":"https:\/\/www.nubeocho.com\/ca\/wp-json\/wp\/v2\/product_cat?post=22146"},{"taxonomy":"product_tag","embeddable":true,"href":"https:\/\/www.nubeocho.com\/ca\/wp-json\/wp\/v2\/product_tag?post=22146"}],"curies":[{"name":"wp","href":"https:\/\/api.w.org\/{rel}","templated":true}]}}