{"id":22079,"date":"2020-01-20T08:36:13","date_gmt":"2020-01-20T07:36:13","guid":{"rendered":"https:\/\/www.nubeocho.com\/?post_type=product&#038;p=22079"},"modified":"2026-01-20T13:29:52","modified_gmt":"2026-01-20T12:29:52","slug":"el-gran-viatge","status":"publish","type":"product","link":"https:\/\/www.nubeocho.com\/ca\/producte\/el-gran-viatge\/","title":{"rendered":"El gran viatge"},"content":{"rendered":"<p>El cau del Talp \u00e9s bonic i acollidor, per\u00f2 somia viure aventures i con\u00e8ixer llocs desconeguts, aix\u00ed que un bon dia decideix emprendre un viatge. Comen\u00e7a a caminar i molts animals, encuriosits, s\u2019afegeixen al seu viatge. Primer, la Ratolina; despr\u00e9s, la Guineu, i despr\u00e9s, el Teix\u00f3, la Llebre, el Pit-roig i el Caragol. Per\u00f2 tots tenen un dubte: on es dirigeix el Talp? Cadascun t\u00e9 una idea diferent del que trobaran al final del cam\u00ed, per\u00f2 quan li ho pregunten, es queden ben sorpresos. On deuen anar?<\/p>\n<p>Primer llibre de la col\u00b7lecci\u00f3, juntament amb <em>Tres desitjos<\/em>, del reconegut autor brit\u00e0nic Chris Saunders. M\u00e9s de 400.000 exemplars venuts de la s\u00e8rie a tot el m\u00f3n. Per fi arriba l\u2019aclamada col\u00b7lecci\u00f3 de Chris Saunders en catal\u00e0 i en castell\u00e0. Best-seller internacional, l\u2019autor tracta amb un enfocament singular temes tan profunds com la for\u00e7a de la veritable amistat, el poder de compartir i la necessitat de viure el present. Dues hist\u00f2ries m\u00e0giques publicades en m\u00e9s de 20 pa\u00efsos i amb una il\u00b7lustraci\u00f3 c\u00e0lida i lluminosa.<\/p>\n","protected":false},"excerpt":{"rendered":"<p>L\u2019objectiu no sempre \u00e9s el final del cam\u00ed. Una hist\u00f2ria entranyable sobre el que fa realment especial un viatge.<\/p>\n","protected":false},"featured_media":22080,"template":"","meta":[],"product_brand":[],"product_cat":[696,697],"product_tag":[1605,1620,1644,1638],"class_list":{"0":"post-22079","1":"product","2":"type-product","3":"status-publish","4":"has-post-thumbnail","6":"colecciones-colleccio-som8","7":"edades-3-ca","8":"product_cat-cataleg","9":"product_cat-llibre-illustrat","10":"product_tag-autors-internacionals","11":"product_tag-emocions","12":"product_tag-per-reflexionar","13":"product_tag-pors","15":"first","16":"instock","17":"taxable","18":"shipping-taxable","19":"product-type-simple"},"acf":[],"_links":{"self":[{"href":"https:\/\/www.nubeocho.com\/ca\/wp-json\/wp\/v2\/product\/22079","targetHints":{"allow":["GET"]}}],"collection":[{"href":"https:\/\/www.nubeocho.com\/ca\/wp-json\/wp\/v2\/product"}],"about":[{"href":"https:\/\/www.nubeocho.com\/ca\/wp-json\/wp\/v2\/types\/product"}],"wp:featuredmedia":[{"embeddable":true,"href":"https:\/\/www.nubeocho.com\/ca\/wp-json\/wp\/v2\/media\/22080"}],"wp:attachment":[{"href":"https:\/\/www.nubeocho.com\/ca\/wp-json\/wp\/v2\/media?parent=22079"}],"wp:term":[{"taxonomy":"product_brand","embeddable":true,"href":"https:\/\/www.nubeocho.com\/ca\/wp-json\/wp\/v2\/product_brand?post=22079"},{"taxonomy":"product_cat","embeddable":true,"href":"https:\/\/www.nubeocho.com\/ca\/wp-json\/wp\/v2\/product_cat?post=22079"},{"taxonomy":"product_tag","embeddable":true,"href":"https:\/\/www.nubeocho.com\/ca\/wp-json\/wp\/v2\/product_tag?post=22079"}],"curies":[{"name":"wp","href":"https:\/\/api.w.org\/{rel}","templated":true}]}}