{"id":21986,"date":"2026-01-13T13:09:10","date_gmt":"2026-01-13T12:09:10","guid":{"rendered":"https:\/\/www.nubeocho.com\/?post_type=product&#038;p=21986"},"modified":"2026-01-15T08:46:49","modified_gmt":"2026-01-15T07:46:49","slug":"el-lloc-perfecte","status":"publish","type":"product","link":"https:\/\/www.nubeocho.com\/ca\/producte\/el-lloc-perfecte\/","title":{"rendered":"El lloc perfecte"},"content":{"rendered":"<p>En Sif\u00f3 ensuma els peus de les persones que hi ha assegudes en un banc; despr\u00e9s, la roda d\u2019un cotxe; es fica en uns arbustos, fa la volta a una font, intenta enfilar-se a un fanal\u2026<\/p>\n<p>Els seus amos tenen molta paci\u00e8ncia cada vegada que el treuen a passejar, encara no hi ha mapes ni pl\u00e0nols que els ajudin a trobar el que busca insistentment el seu gosset. En Sif\u00f3 trobar\u00e0 aviat el lloc perfecte?<\/p>\n","protected":false},"excerpt":{"rendered":"<p>El gos Sif\u00f3 t\u00e9 un costum molt especial, i \u00e9s que no li agrada qualsevol lloc. Sempre est\u00e0 buscant\u2026 el lloc perfecte!<\/p>\n","protected":false},"featured_media":21994,"template":"","meta":[],"product_brand":[],"product_cat":[696,697],"product_tag":[1626,1632],"class_list":{"0":"post-21986","1":"product","2":"type-product","3":"status-publish","4":"has-post-thumbnail","6":"colecciones-colleccio-som8","7":"edades-3-ca","8":"product_cat-cataleg","9":"product_cat-llibre-illustrat","10":"product_tag-familia-ca","11":"product_tag-humor-ca","13":"first","14":"instock","15":"taxable","16":"shipping-taxable","17":"product-type-simple"},"acf":[],"_links":{"self":[{"href":"https:\/\/www.nubeocho.com\/ca\/wp-json\/wp\/v2\/product\/21986","targetHints":{"allow":["GET"]}}],"collection":[{"href":"https:\/\/www.nubeocho.com\/ca\/wp-json\/wp\/v2\/product"}],"about":[{"href":"https:\/\/www.nubeocho.com\/ca\/wp-json\/wp\/v2\/types\/product"}],"wp:featuredmedia":[{"embeddable":true,"href":"https:\/\/www.nubeocho.com\/ca\/wp-json\/wp\/v2\/media\/21994"}],"wp:attachment":[{"href":"https:\/\/www.nubeocho.com\/ca\/wp-json\/wp\/v2\/media?parent=21986"}],"wp:term":[{"taxonomy":"product_brand","embeddable":true,"href":"https:\/\/www.nubeocho.com\/ca\/wp-json\/wp\/v2\/product_brand?post=21986"},{"taxonomy":"product_cat","embeddable":true,"href":"https:\/\/www.nubeocho.com\/ca\/wp-json\/wp\/v2\/product_cat?post=21986"},{"taxonomy":"product_tag","embeddable":true,"href":"https:\/\/www.nubeocho.com\/ca\/wp-json\/wp\/v2\/product_tag?post=21986"}],"curies":[{"name":"wp","href":"https:\/\/api.w.org\/{rel}","templated":true}]}}