{"id":21918,"date":"2025-11-03T11:28:50","date_gmt":"2025-11-03T10:28:50","guid":{"rendered":"https:\/\/www.nubeocho.com\/?post_type=product&#038;p=21918"},"modified":"2026-04-02T11:49:28","modified_gmt":"2026-04-02T09:49:28","slug":"estimat-pare-noel","status":"publish","type":"product","link":"https:\/\/www.nubeocho.com\/ca\/producte\/estimat-pare-noel\/","title":{"rendered":"Estimat Pare Noel"},"content":{"rendered":"<p class=\"ql-align-justify\">La nit m\u00e9s m\u00e0gica de l\u2019any, una nena es troba el Pare Noel a casa seva. No s\u2019ho pot creure! Emocionada, comen\u00e7a a fer-li totes les preguntes que se li acuden. Despr\u00e9s de convidar-lo al seu m\u00f3n (\u00abQue voldries con\u00e8ixer els meus peixos?\u00bb \u00abQue voldries sentir com toco?\u00bb), arriba un desig universal: \u00abQue podria conduir el teu trineu?\u00bb. Mentre tots dos volen pel cel, les preguntes continuen: \u00abSempre menges n\u00favols? Acostumes a aturar el trineu quan el sem\u00e0for es posa en vermell?\u00a0Que tens melic?\u00bb.<\/p>\n<p class=\"ql-align-justify\">Amb la seva po\u00e8tica caracter\u00edstica i un humor visual delicat, Jarvis canalitza l\u2019emoci\u00f3 de totes les nenes i tots els nens que alguna vegada han somiat con\u00e8ixer el Pare Noel.<\/p>\n","protected":false},"excerpt":{"rendered":"<p>Qu\u00e8 li preguntaries al Pare Noel si el poguessis con\u00e8ixer? Una emocionant i divertida recopilaci\u00f3 de preguntes que tothom li faria al personatge m\u00e9s estimat del Nadal.<\/p>\n","protected":false},"featured_media":21919,"template":"","meta":[],"product_brand":[],"product_cat":[696,697],"product_tag":[1620,1626,1632,1704],"class_list":{"0":"post-21918","1":"product","2":"type-product","3":"status-publish","4":"has-post-thumbnail","6":"colecciones-colleccio-som8","7":"edades-3-ca","8":"product_cat-cataleg","9":"product_cat-llibre-illustrat","10":"product_tag-emocions","11":"product_tag-familia-ca","12":"product_tag-humor-ca","13":"product_tag-nadal","15":"first","16":"instock","17":"taxable","18":"shipping-taxable","19":"product-type-simple"},"acf":[],"_links":{"self":[{"href":"https:\/\/www.nubeocho.com\/ca\/wp-json\/wp\/v2\/product\/21918","targetHints":{"allow":["GET"]}}],"collection":[{"href":"https:\/\/www.nubeocho.com\/ca\/wp-json\/wp\/v2\/product"}],"about":[{"href":"https:\/\/www.nubeocho.com\/ca\/wp-json\/wp\/v2\/types\/product"}],"wp:featuredmedia":[{"embeddable":true,"href":"https:\/\/www.nubeocho.com\/ca\/wp-json\/wp\/v2\/media\/21919"}],"wp:attachment":[{"href":"https:\/\/www.nubeocho.com\/ca\/wp-json\/wp\/v2\/media?parent=21918"}],"wp:term":[{"taxonomy":"product_brand","embeddable":true,"href":"https:\/\/www.nubeocho.com\/ca\/wp-json\/wp\/v2\/product_brand?post=21918"},{"taxonomy":"product_cat","embeddable":true,"href":"https:\/\/www.nubeocho.com\/ca\/wp-json\/wp\/v2\/product_cat?post=21918"},{"taxonomy":"product_tag","embeddable":true,"href":"https:\/\/www.nubeocho.com\/ca\/wp-json\/wp\/v2\/product_tag?post=21918"}],"curies":[{"name":"wp","href":"https:\/\/api.w.org\/{rel}","templated":true}]}}