{"id":21798,"date":"2025-10-13T09:48:56","date_gmt":"2025-10-13T07:48:56","guid":{"rendered":"https:\/\/www.nubeocho.com\/?post_type=product&#038;p=21798"},"modified":"2025-10-13T10:13:59","modified_gmt":"2025-10-13T08:13:59","slug":"ets-lliure","status":"publish","type":"product","link":"https:\/\/www.nubeocho.com\/ca\/producte\/ets-lliure\/","title":{"rendered":"Ets lliure"},"content":{"rendered":"<p>Una oda a la llibertat i al seu veritable significat. Sabies que tots som lliures i tenim ales? Per\u00f2 aprendre a volar vol temps i exigeix dedicaci\u00f3. Ser lliure no \u00e9s fer el que vulguis, perqu\u00e8 tots els nostres actes tenen conseq\u00fc\u00e8ncies. El m\u00e9s important perqu\u00e8 les teves ales no es trenquin \u00e9s portar-te b\u00e9 amb tu i amb els altres. Tots els que t\u2019envolten tamb\u00e9 tenen dret a moure les ales per on vulguin. Escoltar-los i respectar-los \u00e9s part de la llibertat.<\/p>\n","protected":false},"excerpt":{"rendered":"<p>Tots ens pensem que sabem el que \u00e9s ser lliure, per\u00f2 \u00e9s m\u00e9s del que creus.Ser lliure inclou els altres i la llibertat significa saber escoltar, respectar i compartir.<\/p>\n","protected":false},"featured_media":21799,"template":"","meta":[],"product_brand":[],"product_cat":[696,697],"product_tag":[1614,1620,1644],"class_list":{"0":"post-21798","1":"product","2":"type-product","3":"status-publish","4":"has-post-thumbnail","6":"colecciones-colleccio-som8","7":"edades-4-ca","8":"product_cat-cataleg","9":"product_cat-llibre-illustrat","10":"product_tag-diversitat","11":"product_tag-emocions","12":"product_tag-per-reflexionar","14":"first","15":"instock","16":"taxable","17":"shipping-taxable","18":"product-type-simple"},"acf":[],"_links":{"self":[{"href":"https:\/\/www.nubeocho.com\/ca\/wp-json\/wp\/v2\/product\/21798","targetHints":{"allow":["GET"]}}],"collection":[{"href":"https:\/\/www.nubeocho.com\/ca\/wp-json\/wp\/v2\/product"}],"about":[{"href":"https:\/\/www.nubeocho.com\/ca\/wp-json\/wp\/v2\/types\/product"}],"wp:featuredmedia":[{"embeddable":true,"href":"https:\/\/www.nubeocho.com\/ca\/wp-json\/wp\/v2\/media\/21799"}],"wp:attachment":[{"href":"https:\/\/www.nubeocho.com\/ca\/wp-json\/wp\/v2\/media?parent=21798"}],"wp:term":[{"taxonomy":"product_brand","embeddable":true,"href":"https:\/\/www.nubeocho.com\/ca\/wp-json\/wp\/v2\/product_brand?post=21798"},{"taxonomy":"product_cat","embeddable":true,"href":"https:\/\/www.nubeocho.com\/ca\/wp-json\/wp\/v2\/product_cat?post=21798"},{"taxonomy":"product_tag","embeddable":true,"href":"https:\/\/www.nubeocho.com\/ca\/wp-json\/wp\/v2\/product_tag?post=21798"}],"curies":[{"name":"wp","href":"https:\/\/api.w.org\/{rel}","templated":true}]}}