{"id":21766,"date":"2025-10-26T08:36:33","date_gmt":"2025-10-26T07:36:33","guid":{"rendered":"https:\/\/www.nubeocho.com\/?post_type=product&#038;p=21766"},"modified":"2025-10-27T08:45:15","modified_gmt":"2025-10-27T07:45:15","slug":"en-aquest-llibre-no-hi-ha-gats","status":"publish","type":"product","link":"https:\/\/www.nubeocho.com\/ca\/producte\/en-aquest-llibre-no-hi-ha-gats\/","title":{"rendered":"En aquest llibre no hi ha gats"},"content":{"rendered":"<p>Han tornat els nostres amics peluts d\u2019<em>En aquest llibre hi ha gats <\/em>i, aquesta vegada, amb esperit aventurer: se\u2019n van a veure m\u00f3n! Tenen les maletes a punt, per\u00f2 no poden sortir del llibre. Potser ho aconseguiran si els ajudes i demanes el desig que puguin marxar. Una, dues i&#8230; tres!<\/p>\n","protected":false},"excerpt":{"rendered":"<p>Uns gatets han decidit sortir del llibre i viatjar. Per\u00f2 no saben com fer-ho, ho intenten saltant i empenyent les p\u00e0gines, per\u00f2 res\u2026 Necessiten la teva ajuda!<\/p>\n","protected":false},"featured_media":21767,"template":"","meta":[],"product_brand":[],"product_cat":[696,697],"product_tag":[1605,1632],"class_list":{"0":"post-21766","1":"product","2":"type-product","3":"status-publish","4":"has-post-thumbnail","6":"colecciones-colleccio-som8","7":"edades-2-ca","8":"product_cat-cataleg","9":"product_cat-llibre-illustrat","10":"product_tag-autors-internacionals","11":"product_tag-humor-ca","13":"first","14":"instock","15":"taxable","16":"shipping-taxable","17":"product-type-simple"},"acf":[],"_links":{"self":[{"href":"https:\/\/www.nubeocho.com\/ca\/wp-json\/wp\/v2\/product\/21766","targetHints":{"allow":["GET"]}}],"collection":[{"href":"https:\/\/www.nubeocho.com\/ca\/wp-json\/wp\/v2\/product"}],"about":[{"href":"https:\/\/www.nubeocho.com\/ca\/wp-json\/wp\/v2\/types\/product"}],"wp:featuredmedia":[{"embeddable":true,"href":"https:\/\/www.nubeocho.com\/ca\/wp-json\/wp\/v2\/media\/21767"}],"wp:attachment":[{"href":"https:\/\/www.nubeocho.com\/ca\/wp-json\/wp\/v2\/media?parent=21766"}],"wp:term":[{"taxonomy":"product_brand","embeddable":true,"href":"https:\/\/www.nubeocho.com\/ca\/wp-json\/wp\/v2\/product_brand?post=21766"},{"taxonomy":"product_cat","embeddable":true,"href":"https:\/\/www.nubeocho.com\/ca\/wp-json\/wp\/v2\/product_cat?post=21766"},{"taxonomy":"product_tag","embeddable":true,"href":"https:\/\/www.nubeocho.com\/ca\/wp-json\/wp\/v2\/product_tag?post=21766"}],"curies":[{"name":"wp","href":"https:\/\/api.w.org\/{rel}","templated":true}]}}