{"id":21606,"date":"2025-10-13T08:00:00","date_gmt":"2025-10-13T06:00:00","guid":{"rendered":"https:\/\/www.nubeocho.com\/?post_type=product&#038;p=21606"},"modified":"2025-10-13T08:38:59","modified_gmt":"2025-10-13T06:38:59","slug":"els-dracs-tambe-ploren","status":"publish","type":"product","link":"https:\/\/www.nubeocho.com\/ca\/producte\/els-dracs-tambe-ploren\/","title":{"rendered":"Els dracs tamb\u00e9 ploren"},"content":{"rendered":"<p class=\"ql-align-justify\">L\u2019Ari i la Lea s\u00f3n dos amics que acaben d\u2019entrar a formar part de la Colla Auda\u00e7. Durant una prova a una casa abandonada, l\u2019Ari es posa a plorar perqu\u00e8 li fa por la foscor. Aleshores, el cap de la colla l\u2019expulsa perqu\u00e8 els nens no poden plorar, \u00e9s de covards. Aquella mateixa nit, una drac selecciona als dos amics per ajudar al seu fill Zuri amb la seva tristesa, perqu\u00e8 tamb\u00e9 li fa vergonya plorar davant dels seus amics dracs. Despr\u00e9s de la gran aventura al pa\u00eds dels dracs, l\u2019Ari i la Lea ensenyaran a tots els membres de la Colla Auda\u00e7 han de ser r\u00e0pids, forts, intel\u00b7ligents i prou valents per plorar.<\/p>\n","protected":false},"excerpt":{"rendered":"<p>Una extraordin\u00e0ria aventura al m\u00f3n dels dracs demostrar\u00e0 als nens i nenes de la Colla Auda\u00e7 que plorar \u00e9s de valents.<\/p>\n","protected":false},"featured_media":21607,"template":"","meta":[],"product_brand":[],"product_cat":[696,697],"product_tag":[1604,1620,1644,1638],"class_list":{"0":"post-21606","1":"product","2":"type-product","3":"status-publish","4":"has-post-thumbnail","6":"colecciones-egalite-ca","7":"edades-4-ca","8":"product_cat-cataleg","9":"product_cat-llibre-illustrat","10":"product_tag-amistat","11":"product_tag-emocions","12":"product_tag-per-reflexionar","13":"product_tag-pors","15":"first","16":"instock","17":"taxable","18":"shipping-taxable","19":"product-type-simple"},"acf":[],"_links":{"self":[{"href":"https:\/\/www.nubeocho.com\/ca\/wp-json\/wp\/v2\/product\/21606","targetHints":{"allow":["GET"]}}],"collection":[{"href":"https:\/\/www.nubeocho.com\/ca\/wp-json\/wp\/v2\/product"}],"about":[{"href":"https:\/\/www.nubeocho.com\/ca\/wp-json\/wp\/v2\/types\/product"}],"wp:featuredmedia":[{"embeddable":true,"href":"https:\/\/www.nubeocho.com\/ca\/wp-json\/wp\/v2\/media\/21607"}],"wp:attachment":[{"href":"https:\/\/www.nubeocho.com\/ca\/wp-json\/wp\/v2\/media?parent=21606"}],"wp:term":[{"taxonomy":"product_brand","embeddable":true,"href":"https:\/\/www.nubeocho.com\/ca\/wp-json\/wp\/v2\/product_brand?post=21606"},{"taxonomy":"product_cat","embeddable":true,"href":"https:\/\/www.nubeocho.com\/ca\/wp-json\/wp\/v2\/product_cat?post=21606"},{"taxonomy":"product_tag","embeddable":true,"href":"https:\/\/www.nubeocho.com\/ca\/wp-json\/wp\/v2\/product_tag?post=21606"}],"curies":[{"name":"wp","href":"https:\/\/api.w.org\/{rel}","templated":true}]}}