{"id":21588,"date":"2025-09-23T08:52:36","date_gmt":"2025-09-23T06:52:36","guid":{"rendered":"https:\/\/www.nubeocho.com\/?post_type=product&#038;p=21588"},"modified":"2025-09-23T09:00:48","modified_gmt":"2025-09-23T07:00:48","slug":"la-sofia-no-vol-dormir","status":"publish","type":"product","link":"https:\/\/www.nubeocho.com\/ca\/producte\/la-sofia-no-vol-dormir\/","title":{"rendered":"La Sofia no vol dormir"},"content":{"rendered":"<p>La Sofia t\u00e9 molt\u00edssima son, est\u00e0 molt cansada. El senyor Tuc\u00e0 li diu que ja \u00e9s hora de ficar-se al llit, per\u00f2 no hi ha manera\u2026 La Sofia sempre troba alguna cosa a fer abans d\u2019anar a dormir: tocar el tambor o el xil\u00f2fon, dibuixar i jugar amb el tren o el seu coet. Aleshores, el senyor Tuc\u00e0, desesperat, li diu les paraules m\u00e0giques: \u00abEt llegir\u00e9 un conte\u00bb.<\/p>\n","protected":false},"excerpt":{"rendered":"<p>\u00ab\u00c9s hora de ficar-se al llit\u00bb diu el senyor Tuc\u00e0. \u00abNo!. El que jo vull \u00e9s\u2026\u00bb. La Sofia sempre troba alguna cosa a fer en comptes d\u2019anar a dormir.<\/p>\n","protected":false},"featured_media":21589,"template":"","meta":[],"product_brand":[],"product_cat":[696,697],"product_tag":[1605,1620],"class_list":{"0":"post-21588","1":"product","2":"type-product","3":"status-publish","4":"has-post-thumbnail","6":"colecciones-colleccio-som8","7":"edades-2-ca","8":"product_cat-cataleg","9":"product_cat-llibre-illustrat","10":"product_tag-autors-internacionals","11":"product_tag-emocions","13":"first","14":"instock","15":"taxable","16":"shipping-taxable","17":"product-type-simple"},"acf":[],"_links":{"self":[{"href":"https:\/\/www.nubeocho.com\/ca\/wp-json\/wp\/v2\/product\/21588","targetHints":{"allow":["GET"]}}],"collection":[{"href":"https:\/\/www.nubeocho.com\/ca\/wp-json\/wp\/v2\/product"}],"about":[{"href":"https:\/\/www.nubeocho.com\/ca\/wp-json\/wp\/v2\/types\/product"}],"wp:featuredmedia":[{"embeddable":true,"href":"https:\/\/www.nubeocho.com\/ca\/wp-json\/wp\/v2\/media\/21589"}],"wp:attachment":[{"href":"https:\/\/www.nubeocho.com\/ca\/wp-json\/wp\/v2\/media?parent=21588"}],"wp:term":[{"taxonomy":"product_brand","embeddable":true,"href":"https:\/\/www.nubeocho.com\/ca\/wp-json\/wp\/v2\/product_brand?post=21588"},{"taxonomy":"product_cat","embeddable":true,"href":"https:\/\/www.nubeocho.com\/ca\/wp-json\/wp\/v2\/product_cat?post=21588"},{"taxonomy":"product_tag","embeddable":true,"href":"https:\/\/www.nubeocho.com\/ca\/wp-json\/wp\/v2\/product_tag?post=21588"}],"curies":[{"name":"wp","href":"https:\/\/api.w.org\/{rel}","templated":true}]}}