{"id":21553,"date":"2025-09-11T12:11:20","date_gmt":"2025-09-11T10:11:20","guid":{"rendered":"https:\/\/www.nubeocho.com\/?post_type=product&#038;p=21553"},"modified":"2025-09-17T09:46:46","modified_gmt":"2025-09-17T07:46:46","slug":"la-princesa-mes-enlla-de-les-muntanyes","status":"publish","type":"product","link":"https:\/\/www.nubeocho.com\/ca\/producte\/la-princesa-mes-enlla-de-les-muntanyes\/","title":{"rendered":"La princesa m\u00e9s enll\u00e0 de les muntanyes"},"content":{"rendered":"<p class=\"ql-align-justify\">La princesa es troba al castell de la drac. Valerosos cavallers travessen les muntanyes per rescatar-la, per\u00f2 el que troben els sorpr\u00e8n: la princesa est\u00e0 jugant, nadant amb la drac o construint una m\u00e0quina voladora. I t\u00e9 molt clar que no vol tornar al Castell amb el seu pare i continuar sent una princesa avorrida amb un bonic vestit rosa.<\/p>\n<p>Text guanyador de la IX Edici\u00f3 del Premi Internacional Narrating Equality, que promou publicacions sense estereotips sexistes.<\/p>\n","protected":false},"excerpt":{"rendered":"<p>\u00abNo vull que em salvin! Em vull quedar amb la drac!\u00bb, diu la princesa cada vegada que un cavaller vol rescatar-la.<\/p>\n","protected":false},"featured_media":21554,"template":"","meta":[],"product_brand":[],"product_cat":[696,697],"product_tag":[1605,1635],"class_list":{"0":"post-21553","1":"product","2":"type-product","3":"status-publish","4":"has-post-thumbnail","6":"colecciones-egalite-ca","7":"edades-3-ca","8":"product_cat-cataleg","9":"product_cat-llibre-illustrat","10":"product_tag-autors-internacionals","11":"product_tag-igualtat-feminisme","13":"first","14":"instock","15":"taxable","16":"shipping-taxable","17":"product-type-simple"},"acf":[],"_links":{"self":[{"href":"https:\/\/www.nubeocho.com\/ca\/wp-json\/wp\/v2\/product\/21553","targetHints":{"allow":["GET"]}}],"collection":[{"href":"https:\/\/www.nubeocho.com\/ca\/wp-json\/wp\/v2\/product"}],"about":[{"href":"https:\/\/www.nubeocho.com\/ca\/wp-json\/wp\/v2\/types\/product"}],"wp:featuredmedia":[{"embeddable":true,"href":"https:\/\/www.nubeocho.com\/ca\/wp-json\/wp\/v2\/media\/21554"}],"wp:attachment":[{"href":"https:\/\/www.nubeocho.com\/ca\/wp-json\/wp\/v2\/media?parent=21553"}],"wp:term":[{"taxonomy":"product_brand","embeddable":true,"href":"https:\/\/www.nubeocho.com\/ca\/wp-json\/wp\/v2\/product_brand?post=21553"},{"taxonomy":"product_cat","embeddable":true,"href":"https:\/\/www.nubeocho.com\/ca\/wp-json\/wp\/v2\/product_cat?post=21553"},{"taxonomy":"product_tag","embeddable":true,"href":"https:\/\/www.nubeocho.com\/ca\/wp-json\/wp\/v2\/product_tag?post=21553"}],"curies":[{"name":"wp","href":"https:\/\/api.w.org\/{rel}","templated":true}]}}