{"id":21491,"date":"2025-09-08T08:58:23","date_gmt":"2025-09-08T06:58:23","guid":{"rendered":"https:\/\/www.nubeocho.com\/?post_type=product&#038;p=21491"},"modified":"2025-09-08T09:35:29","modified_gmt":"2025-09-08T07:35:29","slug":"superfrede","status":"publish","type":"product","link":"https:\/\/www.nubeocho.com\/ca\/producte\/superfrede\/","title":{"rendered":"SuperFrede"},"content":{"rendered":"<div class=\"sinopsisHTML\">\n<p>En SuperFrede est\u00e0 molt ocupat ajudant a tothom i vigilant els carrers perqu\u00e8 no passi res dolent. Per\u00f2 se li fa malb\u00e9 el supervestit i l\u2019ha de portar a arreglar, de manera que s\u2019agafa el dia lliure. Aleshores descobreix que li encanten les flors, jugar al parc amb altres nens i nenes, dibuixar i ballar. No vol renunciar a fer tot el que li agrada nom\u00e9s perqu\u00e8 no \u00e9s el que acostumen a fer els superherois. Per qu\u00e8 no poden ser supervalents i alhora supersensibles, els superherois?<\/p>\n<p>Despr\u00e9s de l\u2019\u00e8xit internacional de <em>Visca les ungles de colors!,<\/em> un dels seus autors, Luis Amavisca, i l\u2019il\u00b7lustrador Gusti ens tornen a parlar de la llibertat de \u201cser petit\u201d.<\/p>\n<p>&nbsp;<\/p>\n<\/div>\n","protected":false},"excerpt":{"rendered":"<p>En SuperFrede ens ajudar\u00e0 a comprendre la import\u00e0ncia de ser nosaltres mateixos.<\/p>\n","protected":false},"featured_media":21492,"template":"","meta":[],"product_brand":[],"product_cat":[696,697],"product_tag":[1620,1638],"class_list":{"0":"post-21491","1":"product","2":"type-product","3":"status-publish","4":"has-post-thumbnail","6":"colecciones-egalite-ca","7":"edades-3-ca","8":"product_cat-cataleg","9":"product_cat-llibre-illustrat","10":"product_tag-emocions","11":"product_tag-pors","13":"first","14":"instock","15":"taxable","16":"shipping-taxable","17":"product-type-simple"},"acf":[],"_links":{"self":[{"href":"https:\/\/www.nubeocho.com\/ca\/wp-json\/wp\/v2\/product\/21491","targetHints":{"allow":["GET"]}}],"collection":[{"href":"https:\/\/www.nubeocho.com\/ca\/wp-json\/wp\/v2\/product"}],"about":[{"href":"https:\/\/www.nubeocho.com\/ca\/wp-json\/wp\/v2\/types\/product"}],"wp:featuredmedia":[{"embeddable":true,"href":"https:\/\/www.nubeocho.com\/ca\/wp-json\/wp\/v2\/media\/21492"}],"wp:attachment":[{"href":"https:\/\/www.nubeocho.com\/ca\/wp-json\/wp\/v2\/media?parent=21491"}],"wp:term":[{"taxonomy":"product_brand","embeddable":true,"href":"https:\/\/www.nubeocho.com\/ca\/wp-json\/wp\/v2\/product_brand?post=21491"},{"taxonomy":"product_cat","embeddable":true,"href":"https:\/\/www.nubeocho.com\/ca\/wp-json\/wp\/v2\/product_cat?post=21491"},{"taxonomy":"product_tag","embeddable":true,"href":"https:\/\/www.nubeocho.com\/ca\/wp-json\/wp\/v2\/product_tag?post=21491"}],"curies":[{"name":"wp","href":"https:\/\/api.w.org\/{rel}","templated":true}]}}