{"id":21438,"date":"2025-08-27T09:55:53","date_gmt":"2025-08-27T07:55:53","guid":{"rendered":"https:\/\/www.nubeocho.com\/?post_type=product&#038;p=21438"},"modified":"2025-08-27T10:42:55","modified_gmt":"2025-08-27T08:42:55","slug":"el-pirata-malacaca","status":"publish","type":"product","link":"https:\/\/www.nubeocho.com\/ca\/producte\/el-pirata-malacaca\/","title":{"rendered":"El pirata Malacaca"},"content":{"rendered":"<p>Al pirata Malacaca se li escapen pets a tota hora i, encara pitjor, a qualsevol lloc. \u00c9s un turment! Els seus pirates se\u2019n riuen molt i ell est\u00e0 conven\u00e7ut que \u00e9s un petaner sense remei. Per\u00f2 t\u00e9 una gran idea: a poc a poc comen\u00e7a a fer servir les seves ventositats com a arma a les batalles i tomba qualsevol adversari. Un bon dia, coneix l\u2019Elsa P\u00e8l-rosa, la pirata m\u00e9s temuda dels set mars, que li dona un consell&#8230; En Malacaca aconseguir\u00e0 tornar a anar de ventre i deixar de ser un pirata esquerp?<\/p>\n","protected":false},"excerpt":{"rendered":"<p>Diuen que el pirata Malacaca \u00e9s esquerp, per\u00f2 el que passa \u00e9s que t\u00e9 un problema: no va de ventre. Els seus pets s\u00f3n com una tempesta i ell es mor de vergonya.<\/p>\n","protected":false},"featured_media":21439,"template":"","meta":[],"product_brand":[],"product_cat":[696,697],"product_tag":[1604,1623,1632],"class_list":{"0":"post-21438","1":"product","2":"type-product","3":"status-publish","4":"has-post-thumbnail","6":"colecciones-colleccio-som8","7":"edades-4-ca","8":"product_cat-cataleg","9":"product_cat-llibre-illustrat","10":"product_tag-amistat","11":"product_tag-escatologics","12":"product_tag-humor-ca","14":"first","15":"instock","16":"taxable","17":"shipping-taxable","18":"product-type-simple"},"acf":[],"_links":{"self":[{"href":"https:\/\/www.nubeocho.com\/ca\/wp-json\/wp\/v2\/product\/21438","targetHints":{"allow":["GET"]}}],"collection":[{"href":"https:\/\/www.nubeocho.com\/ca\/wp-json\/wp\/v2\/product"}],"about":[{"href":"https:\/\/www.nubeocho.com\/ca\/wp-json\/wp\/v2\/types\/product"}],"wp:featuredmedia":[{"embeddable":true,"href":"https:\/\/www.nubeocho.com\/ca\/wp-json\/wp\/v2\/media\/21439"}],"wp:attachment":[{"href":"https:\/\/www.nubeocho.com\/ca\/wp-json\/wp\/v2\/media?parent=21438"}],"wp:term":[{"taxonomy":"product_brand","embeddable":true,"href":"https:\/\/www.nubeocho.com\/ca\/wp-json\/wp\/v2\/product_brand?post=21438"},{"taxonomy":"product_cat","embeddable":true,"href":"https:\/\/www.nubeocho.com\/ca\/wp-json\/wp\/v2\/product_cat?post=21438"},{"taxonomy":"product_tag","embeddable":true,"href":"https:\/\/www.nubeocho.com\/ca\/wp-json\/wp\/v2\/product_tag?post=21438"}],"curies":[{"name":"wp","href":"https:\/\/api.w.org\/{rel}","templated":true}]}}