{"id":21386,"date":"2025-08-25T12:23:23","date_gmt":"2025-08-25T10:23:23","guid":{"rendered":"https:\/\/www.nubeocho.com\/?post_type=product&#038;p=21386"},"modified":"2025-09-29T13:01:09","modified_gmt":"2025-09-29T11:01:09","slug":"als-nuvols","status":"publish","type":"product","link":"https:\/\/www.nubeocho.com\/ca\/producte\/als-nuvols\/","title":{"rendered":"Als n\u00favols"},"content":{"rendered":"<div class=\"sinopsisHTML\">\n<p>En Dani est\u00e0 als n\u00favols. Ell intenta concentrar-se i admira a les persones del seu voltant que aconsegueixen parlar d&#8217;un tema durant molta estona, ordenar les seves joguines o llegir un llibre llarg\u2026 Sembla molt f\u00e0cil, per\u00f2 ell sempre es distreu amb algun pensament, olor o color. I llavors comen\u00e7a a flotar i a imaginar-se coses fins que es perd entre els n\u00favols.<br \/>\nLa seva mare, el seu mestre i els seus amics s\u2019inventen un m\u00e8tode perqu\u00e8 en Dani torni a terra. No obstant aix\u00f2, nom\u00e9s aconsegueixen que se senti buit i que no sigui ell mateix. Per\u00f2 i si fossin ells els que, de vegades, necessitessin veure el m\u00f3n com el fa Dani?<br \/>\nUn llibre amb qu\u00e8 comen\u00e7ar a parlar de neurodiverg\u00e8ncia.<\/p>\n<p>&nbsp;<\/p>\n<\/div>\n","protected":false},"excerpt":{"rendered":"<p>\u00abDani\u2026 Dani\u2026 Daaani!\u00bb. La seva mare, el seu mestre i els seus amics el criden per fer-lo tornar a la terra, perqu\u00e8 en Dani sempre est\u00e0 al seu m\u00f3n.<\/p>\n","protected":false},"featured_media":21387,"template":"","meta":[],"product_brand":[],"product_cat":[696,697],"product_tag":[1605,1614,1620],"class_list":{"0":"post-21386","1":"product","2":"type-product","3":"status-publish","4":"has-post-thumbnail","6":"colecciones-colleccio-som8","7":"edades-3-ca","8":"product_cat-cataleg","9":"product_cat-llibre-illustrat","10":"product_tag-autors-internacionals","11":"product_tag-diversitat","12":"product_tag-emocions","14":"first","15":"instock","16":"taxable","17":"shipping-taxable","18":"product-type-simple"},"acf":[],"_links":{"self":[{"href":"https:\/\/www.nubeocho.com\/ca\/wp-json\/wp\/v2\/product\/21386","targetHints":{"allow":["GET"]}}],"collection":[{"href":"https:\/\/www.nubeocho.com\/ca\/wp-json\/wp\/v2\/product"}],"about":[{"href":"https:\/\/www.nubeocho.com\/ca\/wp-json\/wp\/v2\/types\/product"}],"wp:featuredmedia":[{"embeddable":true,"href":"https:\/\/www.nubeocho.com\/ca\/wp-json\/wp\/v2\/media\/21387"}],"wp:attachment":[{"href":"https:\/\/www.nubeocho.com\/ca\/wp-json\/wp\/v2\/media?parent=21386"}],"wp:term":[{"taxonomy":"product_brand","embeddable":true,"href":"https:\/\/www.nubeocho.com\/ca\/wp-json\/wp\/v2\/product_brand?post=21386"},{"taxonomy":"product_cat","embeddable":true,"href":"https:\/\/www.nubeocho.com\/ca\/wp-json\/wp\/v2\/product_cat?post=21386"},{"taxonomy":"product_tag","embeddable":true,"href":"https:\/\/www.nubeocho.com\/ca\/wp-json\/wp\/v2\/product_tag?post=21386"}],"curies":[{"name":"wp","href":"https:\/\/api.w.org\/{rel}","templated":true}]}}