{"id":21117,"date":"2025-04-04T09:34:34","date_gmt":"2025-04-04T07:34:34","guid":{"rendered":"https:\/\/www.nubeocho.com\/?post_type=product&#038;p=21117"},"modified":"2025-04-15T10:46:44","modified_gmt":"2025-04-15T08:46:44","slug":"la-baconada","status":"publish","type":"product","link":"https:\/\/www.nubeocho.com\/ca\/producte\/la-baconada\/","title":{"rendered":"La baconada"},"content":{"rendered":"<p>Els porcs s\u00f3n animals feli\u00e7os, viuen molt tranquils. Per\u00f2 es fan preguntes, i una \u00e9s per qu\u00e8 les nenes i els nens nom\u00e9s compten ovelles per adormir-se, en lloc de porcs. Parlen amb les ovelles, que, molt orgulloses, els diuen que \u00e9s una feina dura que ells no saben fer. La baconada decideix posar en marxa diferents plans per demostrar que comptant porcs es dorm tan b\u00e9 com comptant ovelles o fins i tot millor!<\/p>\n","protected":false},"excerpt":{"rendered":"<p>Els porcs tenen les seves inquietuds i aspiracions. Una \u00e9s que les nenes i els nens deixin de comptar ovelles i s\u2019adormin comptant-los a ells. Per\u00f2 com els convenceran?<\/p>\n","protected":false},"featured_media":21163,"template":"","meta":[],"product_brand":[],"product_cat":[696,697],"product_tag":[1614,1632],"class_list":{"0":"post-21117","1":"product","2":"type-product","3":"status-publish","4":"has-post-thumbnail","6":"colecciones-colleccio-som8","7":"edades-4-ca","8":"product_cat-cataleg","9":"product_cat-llibre-illustrat","10":"product_tag-diversitat","11":"product_tag-humor-ca","13":"first","14":"instock","15":"taxable","16":"shipping-taxable","17":"product-type-simple"},"acf":[],"_links":{"self":[{"href":"https:\/\/www.nubeocho.com\/ca\/wp-json\/wp\/v2\/product\/21117","targetHints":{"allow":["GET"]}}],"collection":[{"href":"https:\/\/www.nubeocho.com\/ca\/wp-json\/wp\/v2\/product"}],"about":[{"href":"https:\/\/www.nubeocho.com\/ca\/wp-json\/wp\/v2\/types\/product"}],"wp:featuredmedia":[{"embeddable":true,"href":"https:\/\/www.nubeocho.com\/ca\/wp-json\/wp\/v2\/media\/21163"}],"wp:attachment":[{"href":"https:\/\/www.nubeocho.com\/ca\/wp-json\/wp\/v2\/media?parent=21117"}],"wp:term":[{"taxonomy":"product_brand","embeddable":true,"href":"https:\/\/www.nubeocho.com\/ca\/wp-json\/wp\/v2\/product_brand?post=21117"},{"taxonomy":"product_cat","embeddable":true,"href":"https:\/\/www.nubeocho.com\/ca\/wp-json\/wp\/v2\/product_cat?post=21117"},{"taxonomy":"product_tag","embeddable":true,"href":"https:\/\/www.nubeocho.com\/ca\/wp-json\/wp\/v2\/product_tag?post=21117"}],"curies":[{"name":"wp","href":"https:\/\/api.w.org\/{rel}","templated":true}]}}