{"id":21014,"date":"2025-03-17T08:56:30","date_gmt":"2025-03-17T07:56:30","guid":{"rendered":"https:\/\/www.nubeocho.com\/?post_type=product&#038;p=21014"},"modified":"2025-03-17T08:58:11","modified_gmt":"2025-03-17T07:58:11","slug":"la-vera-astronauta","status":"publish","type":"product","link":"https:\/\/www.nubeocho.com\/ca\/producte\/la-vera-astronauta\/","title":{"rendered":"La Vera Astronauta"},"content":{"rendered":"<p>A la Gran Acad\u00e8mia Espacial, on s\u2019entrenen els futurs astronautes, hi ha molt poques nenes. La Vera \u00e9s una nena brillant i supera una prova rere l\u2019altra, per\u00f2 hi ha alguns nens a la seva classe que pensen que una nena no hauria de ser astronauta, i faran el que sigui per impedir-li-ho. La Vera aconseguir\u00e0 superar totes les proves i viatjar a Mart?<\/p>\n<p>Despr\u00e9s de\u00a0<em>La<\/em> <em>Martina futbolista<\/em>, Susanna Isern i Marta Moreno ens porten <em>La Vera astronauta<\/em>,\u00a0un nou llibre sobre la import\u00e0ncia de creure en els nostres somnis i esfor\u00e7ar-nos per aconseguir-los.<\/p>\n","protected":false},"excerpt":{"rendered":"<p>La Vera entra a la Gran Acad\u00e8mia Espacial. Per\u00f2 entre els seleccionats nom\u00e9s hi ha una altra noia, que estrany&#8230; Que potser nom\u00e9s volen ser astronautes els nois?<\/p>\n","protected":false},"featured_media":21016,"template":"","meta":[],"product_brand":[],"product_cat":[696,697],"product_tag":[1635],"class_list":{"0":"post-21014","1":"product","2":"type-product","3":"status-publish","4":"has-post-thumbnail","6":"colecciones-egalite-ca","7":"edades-4-ca","8":"product_cat-cataleg","9":"product_cat-llibre-illustrat","10":"product_tag-igualtat-feminisme","12":"first","13":"instock","14":"taxable","15":"shipping-taxable","16":"product-type-simple"},"acf":[],"_links":{"self":[{"href":"https:\/\/www.nubeocho.com\/ca\/wp-json\/wp\/v2\/product\/21014","targetHints":{"allow":["GET"]}}],"collection":[{"href":"https:\/\/www.nubeocho.com\/ca\/wp-json\/wp\/v2\/product"}],"about":[{"href":"https:\/\/www.nubeocho.com\/ca\/wp-json\/wp\/v2\/types\/product"}],"wp:featuredmedia":[{"embeddable":true,"href":"https:\/\/www.nubeocho.com\/ca\/wp-json\/wp\/v2\/media\/21016"}],"wp:attachment":[{"href":"https:\/\/www.nubeocho.com\/ca\/wp-json\/wp\/v2\/media?parent=21014"}],"wp:term":[{"taxonomy":"product_brand","embeddable":true,"href":"https:\/\/www.nubeocho.com\/ca\/wp-json\/wp\/v2\/product_brand?post=21014"},{"taxonomy":"product_cat","embeddable":true,"href":"https:\/\/www.nubeocho.com\/ca\/wp-json\/wp\/v2\/product_cat?post=21014"},{"taxonomy":"product_tag","embeddable":true,"href":"https:\/\/www.nubeocho.com\/ca\/wp-json\/wp\/v2\/product_tag?post=21014"}],"curies":[{"name":"wp","href":"https:\/\/api.w.org\/{rel}","templated":true}]}}