{"id":20988,"date":"2025-03-11T08:41:47","date_gmt":"2025-03-11T07:41:47","guid":{"rendered":"https:\/\/www.nubeocho.com\/?post_type=product&#038;p=20988"},"modified":"2025-03-11T08:41:47","modified_gmt":"2025-03-11T07:41:47","slug":"surt-del-cau-talp","status":"publish","type":"product","link":"https:\/\/www.nubeocho.com\/ca\/producte\/surt-del-cau-talp\/","title":{"rendered":"Surt del cau, Talp!"},"content":{"rendered":"<p>El Talp t\u00e9 una mala experi\u00e8ncia i es torna molt poruc, es nega a sortir del seu cau, que li resulta tan acollidor. L\u2019Os rentador, l\u2019Os, el Teix\u00f3, el Castor i l\u2019Esquirol li proposen activitats molt divertides que abans feien junts, per\u00f2 no aconsegueixen conv\u00e8ncer-lo. Tot i aix\u00ed, els seus amics no es rendeixen i ideen un pla. Aconseguiran que el Talp surti del seu cau?<\/p>\n","protected":false},"excerpt":{"rendered":"<p>El Talp t\u00e9 molta por i no vol sortir de casa. Els seus amics li proposen plans divertits, per\u00f2 no hi ha manera: nom\u00e9s se sent segur al seu cau.<\/p>\n","protected":false},"featured_media":20990,"template":"","meta":[],"product_brand":[],"product_cat":[696,697],"product_tag":[1604,1620,1638],"class_list":{"0":"post-20988","1":"product","2":"type-product","3":"status-publish","4":"has-post-thumbnail","6":"colecciones-colleccio-som8","7":"edades-3-ca","8":"product_cat-cataleg","9":"product_cat-llibre-illustrat","10":"product_tag-amistat","11":"product_tag-emocions","12":"product_tag-pors","14":"first","15":"instock","16":"taxable","17":"shipping-taxable","18":"product-type-simple"},"acf":[],"_links":{"self":[{"href":"https:\/\/www.nubeocho.com\/ca\/wp-json\/wp\/v2\/product\/20988","targetHints":{"allow":["GET"]}}],"collection":[{"href":"https:\/\/www.nubeocho.com\/ca\/wp-json\/wp\/v2\/product"}],"about":[{"href":"https:\/\/www.nubeocho.com\/ca\/wp-json\/wp\/v2\/types\/product"}],"wp:featuredmedia":[{"embeddable":true,"href":"https:\/\/www.nubeocho.com\/ca\/wp-json\/wp\/v2\/media\/20990"}],"wp:attachment":[{"href":"https:\/\/www.nubeocho.com\/ca\/wp-json\/wp\/v2\/media?parent=20988"}],"wp:term":[{"taxonomy":"product_brand","embeddable":true,"href":"https:\/\/www.nubeocho.com\/ca\/wp-json\/wp\/v2\/product_brand?post=20988"},{"taxonomy":"product_cat","embeddable":true,"href":"https:\/\/www.nubeocho.com\/ca\/wp-json\/wp\/v2\/product_cat?post=20988"},{"taxonomy":"product_tag","embeddable":true,"href":"https:\/\/www.nubeocho.com\/ca\/wp-json\/wp\/v2\/product_tag?post=20988"}],"curies":[{"name":"wp","href":"https:\/\/api.w.org\/{rel}","templated":true}]}}