{"id":20920,"date":"2025-03-03T11:22:20","date_gmt":"2025-03-03T10:22:20","guid":{"rendered":"https:\/\/www.nubeocho.com\/?post_type=product&#038;p=20920"},"modified":"2025-04-01T12:47:21","modified_gmt":"2025-04-01T10:47:21","slug":"la-teulada-den-benet","status":"publish","type":"product","link":"https:\/\/www.nubeocho.com\/ca\/producte\/la-teulada-den-benet\/","title":{"rendered":"La teulada d\u2019en Benet"},"content":{"rendered":"<p>La teulada d\u2019en Benet \u00e9s la teulada preferida del Gat, li encanta passejar-se per les teules. Per\u00f2&#8230; un moment! Tamb\u00e9 \u00e9s la teulada preferida del Ratol\u00ed. I de la Guineu, i de l\u2019Esquirol, el Mussol, l\u2019Arna; l\u2019Eri\u00e7\u00f3, l\u2019Eri\u00e7ona i l\u2019Eri\u00e7onet, i de la Pu\u00e7a. Tots es troben a sobre de la teulada i no els agrada gens haver-la de compartir. Es posen a discutir i discutir, fins que, tot d\u2019una, senten un cruixit molt fort&#8230;<\/p>\n","protected":false},"excerpt":{"rendered":"<p>La teulada d\u2019en Benet \u00e9s el lloc preferit de molts animals, per\u00f2 cadascun pensa que \u00e9s la seva teulada! Ning\u00fa se\u2019n vol anar. Qu\u00e8 passar\u00e0 quan no hi c\u00e0piga ni una pu\u00e7a?<\/p>\n","protected":false},"featured_media":20921,"template":"","meta":[],"product_brand":[],"product_cat":[696,697],"product_tag":[1604,1614,1632],"class_list":{"0":"post-20920","1":"product","2":"type-product","3":"status-publish","4":"has-post-thumbnail","6":"colecciones-colleccio-som8","7":"edades-3-ca","8":"product_cat-cataleg","9":"product_cat-llibre-illustrat","10":"product_tag-amistat","11":"product_tag-diversitat","12":"product_tag-humor-ca","14":"first","15":"instock","16":"taxable","17":"shipping-taxable","18":"product-type-simple"},"acf":[],"_links":{"self":[{"href":"https:\/\/www.nubeocho.com\/ca\/wp-json\/wp\/v2\/product\/20920","targetHints":{"allow":["GET"]}}],"collection":[{"href":"https:\/\/www.nubeocho.com\/ca\/wp-json\/wp\/v2\/product"}],"about":[{"href":"https:\/\/www.nubeocho.com\/ca\/wp-json\/wp\/v2\/types\/product"}],"wp:featuredmedia":[{"embeddable":true,"href":"https:\/\/www.nubeocho.com\/ca\/wp-json\/wp\/v2\/media\/20921"}],"wp:attachment":[{"href":"https:\/\/www.nubeocho.com\/ca\/wp-json\/wp\/v2\/media?parent=20920"}],"wp:term":[{"taxonomy":"product_brand","embeddable":true,"href":"https:\/\/www.nubeocho.com\/ca\/wp-json\/wp\/v2\/product_brand?post=20920"},{"taxonomy":"product_cat","embeddable":true,"href":"https:\/\/www.nubeocho.com\/ca\/wp-json\/wp\/v2\/product_cat?post=20920"},{"taxonomy":"product_tag","embeddable":true,"href":"https:\/\/www.nubeocho.com\/ca\/wp-json\/wp\/v2\/product_tag?post=20920"}],"curies":[{"name":"wp","href":"https:\/\/api.w.org\/{rel}","templated":true}]}}