{"id":20850,"date":"2025-02-17T13:53:16","date_gmt":"2025-02-17T12:53:16","guid":{"rendered":"https:\/\/www.nubeocho.com\/?post_type=product&#038;p=20850"},"modified":"2025-05-16T14:56:09","modified_gmt":"2025-05-16T12:56:09","slug":"telebanana","status":"publish","type":"product","link":"https:\/\/www.nubeocho.com\/ca\/producte\/telebanana\/","title":{"rendered":"Telebanana"},"content":{"rendered":"<p>El Mico s\u2019est\u00e0 fent ric amb la seva empresa de menjar a domicili a la selva: Telebanana. Els animals es passen tanta estona amb l\u2019ordinador, les consoles i les tauletes que ni tan sols es molesten a ca\u00e7ar o buscar menjar. El Mico no para de treballar, t\u00e9 molt\u00edssimes comandes cada dia, per\u00f2&#8230; cada vegada est\u00e0 m\u00e9s cansat i troba a faltar menjar-se un pl\u00e0tan tranquil\u00b7lament al riu amb el seu amic Hipop\u00f2tam.<\/p>\n","protected":false},"excerpt":{"rendered":"<p class=\"p2\">Els animals estan tan pendents de les seves consoles i dels seus m\u00f2bils que es descuiden de menjar! I per aix\u00f2 al Mico se li acut una gran idea: un servei de menjar a domicili.<\/p>\n","protected":false},"featured_media":20869,"template":"","meta":[],"product_brand":[],"product_cat":[696,697],"product_tag":[1604,1632,1644],"class_list":{"0":"post-20850","1":"product","2":"type-product","3":"status-publish","4":"has-post-thumbnail","6":"colecciones-colleccio-som8","7":"edades-3-ca","8":"product_cat-cataleg","9":"product_cat-llibre-illustrat","10":"product_tag-amistat","11":"product_tag-humor-ca","12":"product_tag-per-reflexionar","14":"first","15":"instock","16":"taxable","17":"shipping-taxable","18":"product-type-simple"},"acf":[],"_links":{"self":[{"href":"https:\/\/www.nubeocho.com\/ca\/wp-json\/wp\/v2\/product\/20850","targetHints":{"allow":["GET"]}}],"collection":[{"href":"https:\/\/www.nubeocho.com\/ca\/wp-json\/wp\/v2\/product"}],"about":[{"href":"https:\/\/www.nubeocho.com\/ca\/wp-json\/wp\/v2\/types\/product"}],"wp:featuredmedia":[{"embeddable":true,"href":"https:\/\/www.nubeocho.com\/ca\/wp-json\/wp\/v2\/media\/20869"}],"wp:attachment":[{"href":"https:\/\/www.nubeocho.com\/ca\/wp-json\/wp\/v2\/media?parent=20850"}],"wp:term":[{"taxonomy":"product_brand","embeddable":true,"href":"https:\/\/www.nubeocho.com\/ca\/wp-json\/wp\/v2\/product_brand?post=20850"},{"taxonomy":"product_cat","embeddable":true,"href":"https:\/\/www.nubeocho.com\/ca\/wp-json\/wp\/v2\/product_cat?post=20850"},{"taxonomy":"product_tag","embeddable":true,"href":"https:\/\/www.nubeocho.com\/ca\/wp-json\/wp\/v2\/product_tag?post=20850"}],"curies":[{"name":"wp","href":"https:\/\/api.w.org\/{rel}","templated":true}]}}