{"id":20790,"date":"2025-02-03T11:26:38","date_gmt":"2025-02-03T10:26:38","guid":{"rendered":"https:\/\/www.nubeocho.com\/?post_type=product&#038;p=20790"},"modified":"2025-02-27T10:11:05","modified_gmt":"2025-02-27T09:11:05","slug":"no-vull-anar-a-lescola","status":"publish","type":"product","link":"https:\/\/www.nubeocho.com\/ca\/producte\/no-vull-anar-a-lescola\/","title":{"rendered":"No vull anar a l\u2019escola"},"content":{"rendered":"<p>En Jon\u00e0s es pensa que tornar a la llar d\u2019infants, com la seva germana, la Lena, \u00e9s molt m\u00e9s divertit que anar a l\u2019escola, per\u00f2 de seguida s\u2019adona que la llar d\u2019infants est\u00e0 plena de nens petits plens de mocs que nom\u00e9s fan que plorar i prendre-li les joguines.<br \/>\nDespr\u00e9s intenta treballar com la mama i el papa, perqu\u00e8 est\u00e0 conven\u00e7ut que s\u2019ho passen m\u00e9s b\u00e9 que ell, per\u00f2 resulta que tenen motles obligacions i fan una pila de coses avorrides.<br \/>\nDespr\u00e9s d\u2019un dia tan atrafegat, en Jon\u00e0s acaba molt cansat. Potser a l\u2019escola no s\u2019hi est\u00e0 tan malament&#8230;<\/p>\n","protected":false},"excerpt":{"rendered":"<p>En Jon\u00e0s t\u00e9 clar que l\u2019escola \u00e9s molt avorrida. Ell prefereix anar a la llar d\u2019infants, com la seva germana, la Lena, o treballar com el papa i la mama. Per\u00f2&#8230; segur que tot aix\u00f2 \u00e9s m\u00e9s divertit que l\u2019escola?<\/p>\n","protected":false},"featured_media":20791,"template":"","meta":[],"product_brand":[],"product_cat":[696,697],"product_tag":[1605,1620,1626],"class_list":{"0":"post-20790","1":"product","2":"type-product","3":"status-publish","4":"has-post-thumbnail","6":"colecciones-colleccio-som8","7":"edades-4-ca","8":"product_cat-cataleg","9":"product_cat-llibre-illustrat","10":"product_tag-autors-internacionals","11":"product_tag-emocions","12":"product_tag-familia-ca","14":"first","15":"instock","16":"taxable","17":"shipping-taxable","18":"product-type-simple"},"acf":[],"_links":{"self":[{"href":"https:\/\/www.nubeocho.com\/ca\/wp-json\/wp\/v2\/product\/20790","targetHints":{"allow":["GET"]}}],"collection":[{"href":"https:\/\/www.nubeocho.com\/ca\/wp-json\/wp\/v2\/product"}],"about":[{"href":"https:\/\/www.nubeocho.com\/ca\/wp-json\/wp\/v2\/types\/product"}],"wp:featuredmedia":[{"embeddable":true,"href":"https:\/\/www.nubeocho.com\/ca\/wp-json\/wp\/v2\/media\/20791"}],"wp:attachment":[{"href":"https:\/\/www.nubeocho.com\/ca\/wp-json\/wp\/v2\/media?parent=20790"}],"wp:term":[{"taxonomy":"product_brand","embeddable":true,"href":"https:\/\/www.nubeocho.com\/ca\/wp-json\/wp\/v2\/product_brand?post=20790"},{"taxonomy":"product_cat","embeddable":true,"href":"https:\/\/www.nubeocho.com\/ca\/wp-json\/wp\/v2\/product_cat?post=20790"},{"taxonomy":"product_tag","embeddable":true,"href":"https:\/\/www.nubeocho.com\/ca\/wp-json\/wp\/v2\/product_tag?post=20790"}],"curies":[{"name":"wp","href":"https:\/\/api.w.org\/{rel}","templated":true}]}}