{"id":20638,"date":"2025-01-27T09:07:59","date_gmt":"2025-01-27T08:07:59","guid":{"rendered":"https:\/\/www.nubeocho.com\/?post_type=product&#038;p=20638"},"modified":"2025-10-09T13:45:52","modified_gmt":"2025-10-09T11:45:52","slug":"tots-els-petons-del-mon","status":"publish","type":"product","link":"https:\/\/www.nubeocho.com\/ca\/producte\/tots-els-petons-del-mon\/","title":{"rendered":"Tots els petons del m\u00f3n"},"content":{"rendered":"<p class=\"ql-align-justify\">Hi ha molts tipus de petons!<br \/>\nPetons grans i petits, petonets i petonassos. Poden ser petons d\u2019enamorats o els m\u00e9s tristos, els de comiat. Tamb\u00e9 hi ha petons divertits, que fan pessigolles, com els de les mascotes.<\/p>\n<p class=\"ql-align-justify\">Els petons sonen diferent segons l\u2019idioma: smuack, ch\u016b o mu\u00e0. I se\u2019n poden fer un, dos o tres, com en alguns llocs de Fran\u00e7a! Els dels pares calmen i els dels avis s\u00f3n dol\u00e7os. Hi ha un pet\u00f3 per a cada ocasi\u00f3 i petons que mai s\u2019obliden.<\/p>\n","protected":false},"excerpt":{"rendered":"<p>A qui no li agraden els petons? N\u2019hi ha per a tots els gustos: els del mat\u00ed i els de la nit, petons de pel\u00b7l\u00edcula, petons de comiat i els petons de la tieta.<\/p>\n","protected":false},"featured_media":20683,"template":"","meta":[],"product_brand":[],"product_cat":[696,697],"product_tag":[1604,1620,1626],"class_list":{"0":"post-20638","1":"product","2":"type-product","3":"status-publish","4":"has-post-thumbnail","6":"colecciones-colleccio-som8","7":"edades-3-ca","8":"product_cat-cataleg","9":"product_cat-llibre-illustrat","10":"product_tag-amistat","11":"product_tag-emocions","12":"product_tag-familia-ca","14":"first","15":"instock","16":"taxable","17":"shipping-taxable","18":"product-type-simple"},"acf":[],"_links":{"self":[{"href":"https:\/\/www.nubeocho.com\/ca\/wp-json\/wp\/v2\/product\/20638","targetHints":{"allow":["GET"]}}],"collection":[{"href":"https:\/\/www.nubeocho.com\/ca\/wp-json\/wp\/v2\/product"}],"about":[{"href":"https:\/\/www.nubeocho.com\/ca\/wp-json\/wp\/v2\/types\/product"}],"wp:featuredmedia":[{"embeddable":true,"href":"https:\/\/www.nubeocho.com\/ca\/wp-json\/wp\/v2\/media\/20683"}],"wp:attachment":[{"href":"https:\/\/www.nubeocho.com\/ca\/wp-json\/wp\/v2\/media?parent=20638"}],"wp:term":[{"taxonomy":"product_brand","embeddable":true,"href":"https:\/\/www.nubeocho.com\/ca\/wp-json\/wp\/v2\/product_brand?post=20638"},{"taxonomy":"product_cat","embeddable":true,"href":"https:\/\/www.nubeocho.com\/ca\/wp-json\/wp\/v2\/product_cat?post=20638"},{"taxonomy":"product_tag","embeddable":true,"href":"https:\/\/www.nubeocho.com\/ca\/wp-json\/wp\/v2\/product_tag?post=20638"}],"curies":[{"name":"wp","href":"https:\/\/api.w.org\/{rel}","templated":true}]}}