{"id":20606,"date":"2025-03-18T12:15:52","date_gmt":"2025-03-18T11:15:52","guid":{"rendered":"https:\/\/www.nubeocho.com\/?post_type=product&#038;p=20606"},"modified":"2025-03-18T13:46:40","modified_gmt":"2025-03-18T12:46:40","slug":"la-meva-germana-i-jo","status":"publish","type":"product","link":"https:\/\/www.nubeocho.com\/ca\/producte\/la-meva-germana-i-jo\/","title":{"rendered":"La meva germana i jo"},"content":{"rendered":"<p>Una germana mai se separa dels seus germans, ho apr\u00e8n tot d\u2019ells i els ensenya tot el que sap. Per aix\u00f2 els coneix millor que ning\u00fa. Amb ella comparteixen somnis i il\u00b7lusions. Ajudar-la quan ho necessiti \u00e9s molt f\u00e0cil, perqu\u00e8 s\u2019ha convertit en la millor amiga que es pot tenir.<\/p>\n","protected":false},"excerpt":{"rendered":"<p>Tenir una germana i compartir-ho tot amb ella \u00e9s una de les experi\u00e8ncies m\u00e9s especials de la inf\u00e0ncia. No hi ha cap companya de jocs i entremaliadures millor.<\/p>\n","protected":false},"featured_media":20607,"template":"","meta":[],"product_brand":[],"product_cat":[696,697],"product_tag":[1605,1626],"class_list":{"0":"post-20606","1":"product","2":"type-product","3":"status-publish","4":"has-post-thumbnail","6":"colecciones-colleccio-som8","7":"edades-3-ca","8":"product_cat-cataleg","9":"product_cat-llibre-illustrat","10":"product_tag-autors-internacionals","11":"product_tag-familia-ca","13":"first","14":"instock","15":"taxable","16":"shipping-taxable","17":"product-type-simple"},"acf":[],"_links":{"self":[{"href":"https:\/\/www.nubeocho.com\/ca\/wp-json\/wp\/v2\/product\/20606","targetHints":{"allow":["GET"]}}],"collection":[{"href":"https:\/\/www.nubeocho.com\/ca\/wp-json\/wp\/v2\/product"}],"about":[{"href":"https:\/\/www.nubeocho.com\/ca\/wp-json\/wp\/v2\/types\/product"}],"wp:featuredmedia":[{"embeddable":true,"href":"https:\/\/www.nubeocho.com\/ca\/wp-json\/wp\/v2\/media\/20607"}],"wp:attachment":[{"href":"https:\/\/www.nubeocho.com\/ca\/wp-json\/wp\/v2\/media?parent=20606"}],"wp:term":[{"taxonomy":"product_brand","embeddable":true,"href":"https:\/\/www.nubeocho.com\/ca\/wp-json\/wp\/v2\/product_brand?post=20606"},{"taxonomy":"product_cat","embeddable":true,"href":"https:\/\/www.nubeocho.com\/ca\/wp-json\/wp\/v2\/product_cat?post=20606"},{"taxonomy":"product_tag","embeddable":true,"href":"https:\/\/www.nubeocho.com\/ca\/wp-json\/wp\/v2\/product_tag?post=20606"}],"curies":[{"name":"wp","href":"https:\/\/api.w.org\/{rel}","templated":true}]}}