{"id":20574,"date":"2025-02-09T11:49:19","date_gmt":"2025-02-09T10:49:19","guid":{"rendered":"https:\/\/www.nubeocho.com\/?post_type=product&#038;p=20574"},"modified":"2025-09-29T12:43:47","modified_gmt":"2025-09-29T10:43:47","slug":"el-nen-amb-flors-al-cap","status":"publish","type":"product","link":"https:\/\/www.nubeocho.com\/ca\/producte\/el-nen-amb-flors-al-cap\/","title":{"rendered":"El nen amb flors al cap"},"content":{"rendered":"<p>En David \u00e9s molt especial, t\u00e9 el cap ple de flors. A vegades est\u00e0 envoltat d\u2019abelles i d\u2019ocells, \u00e9s molt divertit. Tothom se l\u2019estima. Per\u00f2 un dia li comencen a caure els p\u00e8tals, i el cap li queda ple de branquetes que punxen. En David es posa trist i es queda molt callat. El seu millor amic no ho pot permetre i posa en marxa un pla per tornar-li els colors que ha perdut.<\/p>\n","protected":false},"excerpt":{"rendered":"<p>Al cap d\u2019en David hi ha milers de flors de colors molt bonics. En David cau b\u00e9 a tothom perqu\u00e8 \u00e9s com els seus p\u00e8tals, dol\u00e7 i delicat.<\/p>\n","protected":false},"featured_media":20827,"template":"","meta":[],"product_brand":[],"product_cat":[696,697],"product_tag":[1604,1605,1614,1620],"class_list":{"0":"post-20574","1":"product","2":"type-product","3":"status-publish","4":"has-post-thumbnail","6":"colecciones-colleccio-som8","7":"edades-3-ca","8":"product_cat-cataleg","9":"product_cat-llibre-illustrat","10":"product_tag-amistat","11":"product_tag-autors-internacionals","12":"product_tag-diversitat","13":"product_tag-emocions","15":"first","16":"instock","17":"taxable","18":"shipping-taxable","19":"product-type-simple"},"acf":[],"_links":{"self":[{"href":"https:\/\/www.nubeocho.com\/ca\/wp-json\/wp\/v2\/product\/20574","targetHints":{"allow":["GET"]}}],"collection":[{"href":"https:\/\/www.nubeocho.com\/ca\/wp-json\/wp\/v2\/product"}],"about":[{"href":"https:\/\/www.nubeocho.com\/ca\/wp-json\/wp\/v2\/types\/product"}],"wp:featuredmedia":[{"embeddable":true,"href":"https:\/\/www.nubeocho.com\/ca\/wp-json\/wp\/v2\/media\/20827"}],"wp:attachment":[{"href":"https:\/\/www.nubeocho.com\/ca\/wp-json\/wp\/v2\/media?parent=20574"}],"wp:term":[{"taxonomy":"product_brand","embeddable":true,"href":"https:\/\/www.nubeocho.com\/ca\/wp-json\/wp\/v2\/product_brand?post=20574"},{"taxonomy":"product_cat","embeddable":true,"href":"https:\/\/www.nubeocho.com\/ca\/wp-json\/wp\/v2\/product_cat?post=20574"},{"taxonomy":"product_tag","embeddable":true,"href":"https:\/\/www.nubeocho.com\/ca\/wp-json\/wp\/v2\/product_tag?post=20574"}],"curies":[{"name":"wp","href":"https:\/\/api.w.org\/{rel}","templated":true}]}}