{"id":20459,"date":"2024-10-25T08:43:54","date_gmt":"2024-10-25T06:43:54","guid":{"rendered":"https:\/\/www.nubeocho.com\/?post_type=product&#038;p=20459"},"modified":"2024-12-27T08:42:17","modified_gmt":"2024-12-27T07:42:17","slug":"el-marti-que-xerrava-pels-descosits","status":"publish","type":"product","link":"https:\/\/www.nubeocho.com\/ca\/producte\/el-marti-que-xerrava-pels-descosits\/","title":{"rendered":"El Mart\u00ed que xerrava pels descosits"},"content":{"rendered":"<p>El Mart\u00ed xerra i xerra i xerra sense parar. Canta can\u00e7ons, recita embarbussaments i contesta totes les preguntes del professor. A vegades parla quan ha de parlar i d\u2019altres, quan no toca. Alguns desitjarien que de tant en tant estigu\u00e9s en silenci. Un mat\u00ed es lleva sense veu. Qu\u00e8 li passa al Mart\u00ed?<\/p>\n","protected":false},"excerpt":{"rendered":"<p>Quan el Mart\u00ed comen\u00e7a a xerrar, no para. Xerra tota l\u2019estona, cont\u00ednuament, sempre t\u00e9 alguna cosa a dir, fins i tot mentre somia!<\/p>\n","protected":false},"featured_media":20460,"template":"","meta":[],"product_brand":[],"product_cat":[696,697],"product_tag":[1604,1614,1626,1638],"class_list":{"0":"post-20459","1":"product","2":"type-product","3":"status-publish","4":"has-post-thumbnail","6":"colecciones-colleccio-som8","7":"edades-3-ca","8":"product_cat-cataleg","9":"product_cat-llibre-illustrat","10":"product_tag-amistat","11":"product_tag-diversitat","12":"product_tag-familia-ca","13":"product_tag-pors","15":"first","16":"instock","17":"taxable","18":"shipping-taxable","19":"product-type-simple"},"acf":[],"_links":{"self":[{"href":"https:\/\/www.nubeocho.com\/ca\/wp-json\/wp\/v2\/product\/20459","targetHints":{"allow":["GET"]}}],"collection":[{"href":"https:\/\/www.nubeocho.com\/ca\/wp-json\/wp\/v2\/product"}],"about":[{"href":"https:\/\/www.nubeocho.com\/ca\/wp-json\/wp\/v2\/types\/product"}],"wp:featuredmedia":[{"embeddable":true,"href":"https:\/\/www.nubeocho.com\/ca\/wp-json\/wp\/v2\/media\/20460"}],"wp:attachment":[{"href":"https:\/\/www.nubeocho.com\/ca\/wp-json\/wp\/v2\/media?parent=20459"}],"wp:term":[{"taxonomy":"product_brand","embeddable":true,"href":"https:\/\/www.nubeocho.com\/ca\/wp-json\/wp\/v2\/product_brand?post=20459"},{"taxonomy":"product_cat","embeddable":true,"href":"https:\/\/www.nubeocho.com\/ca\/wp-json\/wp\/v2\/product_cat?post=20459"},{"taxonomy":"product_tag","embeddable":true,"href":"https:\/\/www.nubeocho.com\/ca\/wp-json\/wp\/v2\/product_tag?post=20459"}],"curies":[{"name":"wp","href":"https:\/\/api.w.org\/{rel}","templated":true}]}}