{"id":20391,"date":"2024-10-15T11:17:49","date_gmt":"2024-10-15T09:17:49","guid":{"rendered":"https:\/\/www.nubeocho.com\/?post_type=product&#038;p=20391"},"modified":"2025-06-25T11:44:38","modified_gmt":"2025-06-25T09:44:38","slug":"el-nen-que-va-pintar-el-mon","status":"publish","type":"product","link":"https:\/\/www.nubeocho.com\/ca\/producte\/el-nen-que-va-pintar-el-mon\/","title":{"rendered":"El nen que va pintar el m\u00f3n"},"content":{"rendered":"<p>Un nen es troba davant d\u2019una p\u00e0gina en blanc. Buida, completament buida. Voldria fer alguna cosa per canviar-ho, per\u00f2 pensa que no sap dibuixar i no s&#8217;atreveix a intentar-ho. Animat per un Pinzell molt decidit, apr\u00e8n a deixar volar la seva imaginaci\u00f3 i es comen\u00e7a a divertir pintant tot el que se li acut. No hi ha errors, no hi ha equivocacions, nom\u00e9s ganes de passar-s\u2019ho b\u00e9 en&#8230; un m\u00f3n d&#8217;infinites possibilitats!<\/p>\n","protected":false},"excerpt":{"rendered":"<p>Un llibre inspirador que ens demostra que tots podem pintar. Les formes m\u00e9s senzilles es poden convertir en animals fant\u00e0stics, camions d\u2019escombraries o llames en pijama. Nom\u00e9s cal perdre-hi la por.<\/p>\n","protected":false},"featured_media":21338,"template":"","meta":[],"product_brand":[],"product_cat":[696,697],"product_tag":[1605,1620,1644,1638],"class_list":{"0":"post-20391","1":"product","2":"type-product","3":"status-publish","4":"has-post-thumbnail","6":"colecciones-colleccio-som8","7":"edades-3-ca","8":"product_cat-cataleg","9":"product_cat-llibre-illustrat","10":"product_tag-autors-internacionals","11":"product_tag-emocions","12":"product_tag-per-reflexionar","13":"product_tag-pors","15":"first","16":"instock","17":"taxable","18":"shipping-taxable","19":"product-type-simple"},"acf":[],"_links":{"self":[{"href":"https:\/\/www.nubeocho.com\/ca\/wp-json\/wp\/v2\/product\/20391","targetHints":{"allow":["GET"]}}],"collection":[{"href":"https:\/\/www.nubeocho.com\/ca\/wp-json\/wp\/v2\/product"}],"about":[{"href":"https:\/\/www.nubeocho.com\/ca\/wp-json\/wp\/v2\/types\/product"}],"wp:featuredmedia":[{"embeddable":true,"href":"https:\/\/www.nubeocho.com\/ca\/wp-json\/wp\/v2\/media\/21338"}],"wp:attachment":[{"href":"https:\/\/www.nubeocho.com\/ca\/wp-json\/wp\/v2\/media?parent=20391"}],"wp:term":[{"taxonomy":"product_brand","embeddable":true,"href":"https:\/\/www.nubeocho.com\/ca\/wp-json\/wp\/v2\/product_brand?post=20391"},{"taxonomy":"product_cat","embeddable":true,"href":"https:\/\/www.nubeocho.com\/ca\/wp-json\/wp\/v2\/product_cat?post=20391"},{"taxonomy":"product_tag","embeddable":true,"href":"https:\/\/www.nubeocho.com\/ca\/wp-json\/wp\/v2\/product_tag?post=20391"}],"curies":[{"name":"wp","href":"https:\/\/api.w.org\/{rel}","templated":true}]}}