{"id":20342,"date":"2024-10-07T11:28:15","date_gmt":"2024-10-07T09:28:15","guid":{"rendered":"https:\/\/www.nubeocho.com\/?post_type=product&#038;p=20342"},"modified":"2025-01-16T10:35:41","modified_gmt":"2025-01-16T09:35:41","slug":"quan-em-vaig-convertir-en-un-cuc","status":"publish","type":"product","link":"https:\/\/www.nubeocho.com\/ca\/producte\/quan-em-vaig-convertir-en-un-cuc\/","title":{"rendered":"Quan em vaig convertir en un cuc"},"content":{"rendered":"<p>La Rita estava jugant a l\u2019hort, quan de sobte&#8230; es va convertir en un cuc! Ara s\u2019arrossega per terra i les plantes del seu voltant semblen normes. Quan es pregunta qu\u00e8 ha passat i intenta tornar a ser una nena, coneix la llagosta Grog, que li presenta l\u2019escarabata Lu i la formiga Lila. Elles l\u2019ajudaran a arribar a Boscpatata, on hi ha el Descucador que la pot tornar a convertir en nena. Per\u00f2 abans hauran de superar diverses proves: encertar endevinalles, trobar el millor cam\u00ed en un mapa, seguir pistes i resoldre misteris.<\/p>\n","protected":false},"excerpt":{"rendered":"<p>La Rita s\u2019ha convertit en un cuc. Qu\u00e8 ha passat? I ara qu\u00e8 far\u00e0? La vols ajudar a tornar a ser humana?<\/p>\n","protected":false},"featured_media":20360,"template":"","meta":[],"product_brand":[],"product_cat":[696,697],"product_tag":[1604],"class_list":{"0":"post-20342","1":"product","2":"type-product","3":"status-publish","4":"has-post-thumbnail","6":"colecciones-colleccio-som8","7":"edades-4-ca","8":"product_cat-cataleg","9":"product_cat-llibre-illustrat","10":"product_tag-amistat","12":"first","13":"instock","14":"taxable","15":"shipping-taxable","16":"product-type-simple"},"acf":[],"_links":{"self":[{"href":"https:\/\/www.nubeocho.com\/ca\/wp-json\/wp\/v2\/product\/20342","targetHints":{"allow":["GET"]}}],"collection":[{"href":"https:\/\/www.nubeocho.com\/ca\/wp-json\/wp\/v2\/product"}],"about":[{"href":"https:\/\/www.nubeocho.com\/ca\/wp-json\/wp\/v2\/types\/product"}],"wp:featuredmedia":[{"embeddable":true,"href":"https:\/\/www.nubeocho.com\/ca\/wp-json\/wp\/v2\/media\/20360"}],"wp:attachment":[{"href":"https:\/\/www.nubeocho.com\/ca\/wp-json\/wp\/v2\/media?parent=20342"}],"wp:term":[{"taxonomy":"product_brand","embeddable":true,"href":"https:\/\/www.nubeocho.com\/ca\/wp-json\/wp\/v2\/product_brand?post=20342"},{"taxonomy":"product_cat","embeddable":true,"href":"https:\/\/www.nubeocho.com\/ca\/wp-json\/wp\/v2\/product_cat?post=20342"},{"taxonomy":"product_tag","embeddable":true,"href":"https:\/\/www.nubeocho.com\/ca\/wp-json\/wp\/v2\/product_tag?post=20342"}],"curies":[{"name":"wp","href":"https:\/\/api.w.org\/{rel}","templated":true}]}}