{"id":20231,"date":"2024-09-30T11:30:42","date_gmt":"2024-09-30T09:30:42","guid":{"rendered":"https:\/\/www.nubeocho.com\/?post_type=product&#038;p=20231"},"modified":"2025-06-04T14:43:24","modified_gmt":"2025-06-04T12:43:24","slug":"els-pantalons-de-la-luisa","status":"publish","type":"product","link":"https:\/\/www.nubeocho.com\/ca\/producte\/els-pantalons-de-la-luisa\/","title":{"rendered":"Els pantalons de la Luisa"},"content":{"rendered":"<p>La Luisa era una nena valenta que, des de ben petita, va lluitar pel que creia just i va defensar la igualtat de les dones. Va viure en una \u00e8poca en qu\u00e8 les dones havien de portar faldilles, tot i que en moltes situacions els resultessin inc\u00f2modes i no els permetessin moure\u2019s amb llibertat. La Luisa va decidir canviar-ho, la soluci\u00f3 era tan senzilla com posar-se uns pantalons, per\u00f2 tothom va estar d\u2019acord amb la seva decisi\u00f3?<\/p>\n","protected":false},"excerpt":{"rendered":"<p>La Luisa Capetillo decideix trencar les normes de la \u00e8poca amb un gest senzill per\u00f2 revolucionari: posar-se pantalons. Una acci\u00f3 que va iniciar una transformaci\u00f3 social.<\/p>\n","protected":false},"featured_media":20232,"template":"","meta":[],"product_brand":[],"product_cat":[696,697],"product_tag":[1635],"class_list":{"0":"post-20231","1":"product","2":"type-product","3":"status-publish","4":"has-post-thumbnail","6":"colecciones-egalite-ca","7":"edades-5-cat","8":"product_cat-cataleg","9":"product_cat-llibre-illustrat","10":"product_tag-igualtat-feminisme","12":"first","13":"instock","14":"taxable","15":"shipping-taxable","16":"product-type-simple"},"acf":[],"_links":{"self":[{"href":"https:\/\/www.nubeocho.com\/ca\/wp-json\/wp\/v2\/product\/20231","targetHints":{"allow":["GET"]}}],"collection":[{"href":"https:\/\/www.nubeocho.com\/ca\/wp-json\/wp\/v2\/product"}],"about":[{"href":"https:\/\/www.nubeocho.com\/ca\/wp-json\/wp\/v2\/types\/product"}],"wp:featuredmedia":[{"embeddable":true,"href":"https:\/\/www.nubeocho.com\/ca\/wp-json\/wp\/v2\/media\/20232"}],"wp:attachment":[{"href":"https:\/\/www.nubeocho.com\/ca\/wp-json\/wp\/v2\/media?parent=20231"}],"wp:term":[{"taxonomy":"product_brand","embeddable":true,"href":"https:\/\/www.nubeocho.com\/ca\/wp-json\/wp\/v2\/product_brand?post=20231"},{"taxonomy":"product_cat","embeddable":true,"href":"https:\/\/www.nubeocho.com\/ca\/wp-json\/wp\/v2\/product_cat?post=20231"},{"taxonomy":"product_tag","embeddable":true,"href":"https:\/\/www.nubeocho.com\/ca\/wp-json\/wp\/v2\/product_tag?post=20231"}],"curies":[{"name":"wp","href":"https:\/\/api.w.org\/{rel}","templated":true}]}}