{"id":20193,"date":"2024-09-24T10:14:58","date_gmt":"2024-09-24T08:14:58","guid":{"rendered":"https:\/\/www.nubeocho.com\/?post_type=product&#038;p=20193"},"modified":"2024-12-26T09:11:46","modified_gmt":"2024-12-26T08:11:46","slug":"petarrons-pets-i-superpets","status":"publish","type":"product","link":"https:\/\/www.nubeocho.com\/ca\/producte\/petarrons-pets-i-superpets\/","title":{"rendered":"Petarrons, pets i superpets"},"content":{"rendered":"<p>Els taurons es tiren pets. I els cucs. I tamb\u00e9 les superhero\u00efnes. Tothom es tira pets. Si no ho f\u00e9ssim, explotar\u00edem! Per\u00f2 cada \u00e9sser viu es tira pets diferents: poden ser pets bombolla, superpudents o nom\u00e9s sorollosos. No \u00e9s igual el pet d&#8217;una aranya que el d&#8217;una serp. Cada animal t\u00e9 els seus costums i les seves particularitats. Continua llegint per saber-ho tot sobre aquests secrets pestilents.<\/p>\n","protected":false},"excerpt":{"rendered":"<p>L\u2019Elefant li explica al Jerbu que tothom es tira pets. Les vaques s\u00f3n m\u00e0quines de tirar-se pets, els dracs es tiren pets de foc i els pets dels avis fan riure tota la ciutat.<\/p>\n","protected":false},"featured_media":20194,"template":"","meta":[],"product_brand":[],"product_cat":[696,697],"product_tag":[1605,1623],"class_list":{"0":"post-20193","1":"product","2":"type-product","3":"status-publish","4":"has-post-thumbnail","6":"colecciones-colleccio-som8","7":"edades-3-ca","8":"product_cat-cataleg","9":"product_cat-llibre-illustrat","10":"product_tag-autors-internacionals","11":"product_tag-escatologics","13":"first","14":"instock","15":"taxable","16":"shipping-taxable","17":"product-type-simple"},"acf":[],"_links":{"self":[{"href":"https:\/\/www.nubeocho.com\/ca\/wp-json\/wp\/v2\/product\/20193","targetHints":{"allow":["GET"]}}],"collection":[{"href":"https:\/\/www.nubeocho.com\/ca\/wp-json\/wp\/v2\/product"}],"about":[{"href":"https:\/\/www.nubeocho.com\/ca\/wp-json\/wp\/v2\/types\/product"}],"wp:featuredmedia":[{"embeddable":true,"href":"https:\/\/www.nubeocho.com\/ca\/wp-json\/wp\/v2\/media\/20194"}],"wp:attachment":[{"href":"https:\/\/www.nubeocho.com\/ca\/wp-json\/wp\/v2\/media?parent=20193"}],"wp:term":[{"taxonomy":"product_brand","embeddable":true,"href":"https:\/\/www.nubeocho.com\/ca\/wp-json\/wp\/v2\/product_brand?post=20193"},{"taxonomy":"product_cat","embeddable":true,"href":"https:\/\/www.nubeocho.com\/ca\/wp-json\/wp\/v2\/product_cat?post=20193"},{"taxonomy":"product_tag","embeddable":true,"href":"https:\/\/www.nubeocho.com\/ca\/wp-json\/wp\/v2\/product_tag?post=20193"}],"curies":[{"name":"wp","href":"https:\/\/api.w.org\/{rel}","templated":true}]}}