{"id":20158,"date":"2024-09-16T09:51:13","date_gmt":"2024-09-16T07:51:13","guid":{"rendered":"https:\/\/www.nubeocho.com\/?post_type=product&#038;p=20158"},"modified":"2024-12-26T09:04:20","modified_gmt":"2024-12-26T08:04:20","slug":"la-meva-avia-i-jo","status":"publish","type":"product","link":"https:\/\/www.nubeocho.com\/ca\/producte\/la-meva-avia-i-jo\/","title":{"rendered":"La meva \u00e0via i jo"},"content":{"rendered":"<p>El m\u00f3n d\u2019una \u00e0via s\u2019il\u00b7lumina i s\u2019omple d\u2019alegria quan arriben els nets. Les \u00e0vies els cuiden, els ensenyen el que saben i dediquen temps a jugar-hi i a escoltar-los. La relaci\u00f3 especial d\u2019una \u00e0via i els seus nets \u00e9s \u00fanica i es construeix a c\u00f2pia d\u2019amor i bons moments compartits.<\/p>\n","protected":false},"excerpt":{"rendered":"<p>Un commovedor i po\u00e8tic relat en primera persona de la preciosa etapa que s\u2019inicia per a una \u00e0via amb l\u2019arribada d\u2019un net o una neta.<\/p>\n","protected":false},"featured_media":20159,"template":"","meta":[],"product_brand":[],"product_cat":[696,697],"product_tag":[1605,1626],"class_list":{"0":"post-20158","1":"product","2":"type-product","3":"status-publish","4":"has-post-thumbnail","6":"colecciones-colleccio-som8","7":"edades-3-ca","8":"product_cat-cataleg","9":"product_cat-llibre-illustrat","10":"product_tag-autors-internacionals","11":"product_tag-familia-ca","13":"first","14":"instock","15":"taxable","16":"shipping-taxable","17":"product-type-simple"},"acf":[],"_links":{"self":[{"href":"https:\/\/www.nubeocho.com\/ca\/wp-json\/wp\/v2\/product\/20158","targetHints":{"allow":["GET"]}}],"collection":[{"href":"https:\/\/www.nubeocho.com\/ca\/wp-json\/wp\/v2\/product"}],"about":[{"href":"https:\/\/www.nubeocho.com\/ca\/wp-json\/wp\/v2\/types\/product"}],"wp:featuredmedia":[{"embeddable":true,"href":"https:\/\/www.nubeocho.com\/ca\/wp-json\/wp\/v2\/media\/20159"}],"wp:attachment":[{"href":"https:\/\/www.nubeocho.com\/ca\/wp-json\/wp\/v2\/media?parent=20158"}],"wp:term":[{"taxonomy":"product_brand","embeddable":true,"href":"https:\/\/www.nubeocho.com\/ca\/wp-json\/wp\/v2\/product_brand?post=20158"},{"taxonomy":"product_cat","embeddable":true,"href":"https:\/\/www.nubeocho.com\/ca\/wp-json\/wp\/v2\/product_cat?post=20158"},{"taxonomy":"product_tag","embeddable":true,"href":"https:\/\/www.nubeocho.com\/ca\/wp-json\/wp\/v2\/product_tag?post=20158"}],"curies":[{"name":"wp","href":"https:\/\/api.w.org\/{rel}","templated":true}]}}