{"id":20142,"date":"2024-09-16T09:34:03","date_gmt":"2024-09-16T07:34:03","guid":{"rendered":"https:\/\/www.nubeocho.com\/?post_type=product&#038;p=20142"},"modified":"2024-12-26T09:06:36","modified_gmt":"2024-12-26T08:06:36","slug":"el-meu-avi-i-jo","status":"publish","type":"product","link":"https:\/\/www.nubeocho.com\/ca\/producte\/el-meu-avi-i-jo\/","title":{"rendered":"El meu avi i jo"},"content":{"rendered":"<p>Als avis els encanta estar amb els seus nets i netes i viure-hi moments divertits, mentre s\u2019imaginen com seran quan siguin grans i les coses bones que els portar\u00e0 la vida.<\/p>\n<p>Aquest emotiu \u00e0lbum retrata el vincle especial i \u00fanic que es forma entre els avis i els seus nets o netes. I com veure\u2019ls cr\u00e9ixer \u00e9s un regal preci\u00f3s de qu\u00e8 gaudir.<\/p>\n","protected":false},"excerpt":{"rendered":"<p>Els avis s\u00f3n divertits, expliquen grans hist\u00f2ries i saben escoltar cadascun dels \u00e8xits i interessos de les seves netes i nets. Formen un gran equip.<\/p>\n","protected":false},"featured_media":20143,"template":"","meta":[],"product_brand":[],"product_cat":[696,697],"product_tag":[1605,1626],"class_list":{"0":"post-20142","1":"product","2":"type-product","3":"status-publish","4":"has-post-thumbnail","6":"colecciones-colleccio-som8","7":"edades-3-ca","8":"product_cat-cataleg","9":"product_cat-llibre-illustrat","10":"product_tag-autors-internacionals","11":"product_tag-familia-ca","13":"first","14":"instock","15":"taxable","16":"shipping-taxable","17":"product-type-simple"},"acf":[],"_links":{"self":[{"href":"https:\/\/www.nubeocho.com\/ca\/wp-json\/wp\/v2\/product\/20142","targetHints":{"allow":["GET"]}}],"collection":[{"href":"https:\/\/www.nubeocho.com\/ca\/wp-json\/wp\/v2\/product"}],"about":[{"href":"https:\/\/www.nubeocho.com\/ca\/wp-json\/wp\/v2\/types\/product"}],"wp:featuredmedia":[{"embeddable":true,"href":"https:\/\/www.nubeocho.com\/ca\/wp-json\/wp\/v2\/media\/20143"}],"wp:attachment":[{"href":"https:\/\/www.nubeocho.com\/ca\/wp-json\/wp\/v2\/media?parent=20142"}],"wp:term":[{"taxonomy":"product_brand","embeddable":true,"href":"https:\/\/www.nubeocho.com\/ca\/wp-json\/wp\/v2\/product_brand?post=20142"},{"taxonomy":"product_cat","embeddable":true,"href":"https:\/\/www.nubeocho.com\/ca\/wp-json\/wp\/v2\/product_cat?post=20142"},{"taxonomy":"product_tag","embeddable":true,"href":"https:\/\/www.nubeocho.com\/ca\/wp-json\/wp\/v2\/product_tag?post=20142"}],"curies":[{"name":"wp","href":"https:\/\/api.w.org\/{rel}","templated":true}]}}