{"id":20116,"date":"2024-09-09T12:30:33","date_gmt":"2024-09-09T10:30:33","guid":{"rendered":"https:\/\/www.nubeocho.com\/?post_type=product&#038;p=20116"},"modified":"2025-04-04T11:27:09","modified_gmt":"2025-04-04T09:27:09","slug":"deu-mestres-deliciosos","status":"publish","type":"product","link":"https:\/\/www.nubeocho.com\/ca\/producte\/deu-mestres-deliciosos\/","title":{"rendered":"Deu mestres deliciosos"},"content":{"rendered":"<p>Deu mestres deliciosos perden l&#8217;\u00faltim autob\u00fas a casa i decideixen travessar el terrible Bosc Tenebr\u00f3s. Per\u00f2 entre els arbres s&#8217;amaguen monstres peluts, amb ullals i orellotes que volen menjar mestre fins a tenir mal de panxa. A poc a poc, els mestres m\u00e9s lents i despistats van desapareixent. Quants aconseguiran tornar a casa?<\/p>\n","protected":false},"excerpt":{"rendered":"<p>Un relat rimat divertid\u00edssim i irreverent en qu\u00e8 deu mestres valents travessen un bosc ple de monstres per arribar a casa.<\/p>\n","protected":false},"featured_media":20118,"template":"","meta":[],"product_brand":[],"product_cat":[696,697],"product_tag":[1605,1632],"class_list":{"0":"post-20116","1":"product","2":"type-product","3":"status-publish","4":"has-post-thumbnail","6":"colecciones-colleccio-som8","7":"edades-3-ca","8":"product_cat-cataleg","9":"product_cat-llibre-illustrat","10":"product_tag-autors-internacionals","11":"product_tag-humor-ca","13":"first","14":"instock","15":"taxable","16":"shipping-taxable","17":"product-type-simple"},"acf":[],"_links":{"self":[{"href":"https:\/\/www.nubeocho.com\/ca\/wp-json\/wp\/v2\/product\/20116","targetHints":{"allow":["GET"]}}],"collection":[{"href":"https:\/\/www.nubeocho.com\/ca\/wp-json\/wp\/v2\/product"}],"about":[{"href":"https:\/\/www.nubeocho.com\/ca\/wp-json\/wp\/v2\/types\/product"}],"wp:featuredmedia":[{"embeddable":true,"href":"https:\/\/www.nubeocho.com\/ca\/wp-json\/wp\/v2\/media\/20118"}],"wp:attachment":[{"href":"https:\/\/www.nubeocho.com\/ca\/wp-json\/wp\/v2\/media?parent=20116"}],"wp:term":[{"taxonomy":"product_brand","embeddable":true,"href":"https:\/\/www.nubeocho.com\/ca\/wp-json\/wp\/v2\/product_brand?post=20116"},{"taxonomy":"product_cat","embeddable":true,"href":"https:\/\/www.nubeocho.com\/ca\/wp-json\/wp\/v2\/product_cat?post=20116"},{"taxonomy":"product_tag","embeddable":true,"href":"https:\/\/www.nubeocho.com\/ca\/wp-json\/wp\/v2\/product_tag?post=20116"}],"curies":[{"name":"wp","href":"https:\/\/api.w.org\/{rel}","templated":true}]}}