{"id":20063,"date":"2024-09-02T11:01:55","date_gmt":"2024-09-02T09:01:55","guid":{"rendered":"https:\/\/www.nubeocho.com\/?post_type=product&#038;p=20063"},"modified":"2024-12-26T08:48:06","modified_gmt":"2024-12-26T07:48:06","slug":"un-carrer-per-a-lemilia","status":"publish","type":"product","link":"https:\/\/www.nubeocho.com\/ca\/producte\/un-carrer-per-a-lemilia\/","title":{"rendered":"Un carrer per a l&#8217;Emilia"},"content":{"rendered":"<p>Amb l&#8217;arribada del nou alcalde, el poble de Pendent d\u2019Amunt t\u00e9 la dif\u00edcil tasca de canviar el nom dels seus carrers. El senyor Carrer\u00f3 els vol posar noms d&#8217;homes importants, com Federico Garci\u0301a Lorca, Gaudi\u0301 o Ram\u00f3n y Cajal. En canvi, la senyora Pla\u00e7a prefereix noms de dones rellevants, com Emilia Pardo Baz\u00e1n, Clara Campoamor o Mar\u00eda Zambrano. No es posen d&#8217;acord i seran les nenes i els nens del poble els qui decidiran quina \u00e9s la millor opci\u00f3. Triaran carrers amb noms d&#8217;homes o de dones il\u00b7lustres?<\/p>\n","protected":false},"excerpt":{"rendered":"<p>A les ciutats i als pobles, quants carrers hi ha dedicats a dones? A Pendent d\u2019Amunt estan a punt de canviar-los els noms. Faran que hi hagi m\u00e9s igualtat?<\/p>\n","protected":false},"featured_media":20065,"template":"","meta":[],"product_brand":[],"product_cat":[696,697],"product_tag":[1635],"class_list":{"0":"post-20063","1":"product","2":"type-product","3":"status-publish","4":"has-post-thumbnail","6":"colecciones-egalite-ca","7":"edades-3-ca","8":"product_cat-cataleg","9":"product_cat-llibre-illustrat","10":"product_tag-igualtat-feminisme","12":"first","13":"instock","14":"taxable","15":"shipping-taxable","16":"product-type-simple"},"acf":[],"_links":{"self":[{"href":"https:\/\/www.nubeocho.com\/ca\/wp-json\/wp\/v2\/product\/20063","targetHints":{"allow":["GET"]}}],"collection":[{"href":"https:\/\/www.nubeocho.com\/ca\/wp-json\/wp\/v2\/product"}],"about":[{"href":"https:\/\/www.nubeocho.com\/ca\/wp-json\/wp\/v2\/types\/product"}],"wp:featuredmedia":[{"embeddable":true,"href":"https:\/\/www.nubeocho.com\/ca\/wp-json\/wp\/v2\/media\/20065"}],"wp:attachment":[{"href":"https:\/\/www.nubeocho.com\/ca\/wp-json\/wp\/v2\/media?parent=20063"}],"wp:term":[{"taxonomy":"product_brand","embeddable":true,"href":"https:\/\/www.nubeocho.com\/ca\/wp-json\/wp\/v2\/product_brand?post=20063"},{"taxonomy":"product_cat","embeddable":true,"href":"https:\/\/www.nubeocho.com\/ca\/wp-json\/wp\/v2\/product_cat?post=20063"},{"taxonomy":"product_tag","embeddable":true,"href":"https:\/\/www.nubeocho.com\/ca\/wp-json\/wp\/v2\/product_tag?post=20063"}],"curies":[{"name":"wp","href":"https:\/\/api.w.org\/{rel}","templated":true}]}}