{"id":19989,"date":"2024-08-26T10:24:38","date_gmt":"2024-08-26T08:24:38","guid":{"rendered":"https:\/\/www.nubeocho.com\/?post_type=product&#038;p=19989"},"modified":"2024-12-26T08:45:24","modified_gmt":"2024-12-26T07:45:24","slug":"el-ninja-pocatraca","status":"publish","type":"product","link":"https:\/\/www.nubeocho.com\/ca\/producte\/el-ninja-pocatraca\/","title":{"rendered":"El ninja pocatra\u00e7a"},"content":{"rendered":"<p>Quan el Pau es posa la seva disfressa, es converteix en el ninja m\u00e9s r\u00e0pid i valent del m\u00f3n. No hi ha monstre o perill que se li resisteixi. Pot amb tot, \u00e9s el millor. Per\u00f2 hi ha una cosa, nom\u00e9s una, que fa que li tremolin les cames i no deixa que les paraules li surtin de la boca. \u00c9s un secret inconfessable. Qu\u00e8 deu ser el que li fa tanta por?<\/p>\n","protected":false},"excerpt":{"rendered":"<p>Quan \u00e9s negra nit, quan tothom dorm, apareix\u2026 el ninja! \u00c9s r\u00e0pid, valent, silenci\u00f3s i invisible\u2026 si no \u00e9s que pica amb el cantell d\u2019una taula o li cau una cortina a sobre.<\/p>\n","protected":false},"featured_media":20055,"template":"","meta":[],"product_brand":[],"product_cat":[696,697],"product_tag":[1604,1620,1632,1638],"class_list":{"0":"post-19989","1":"product","2":"type-product","3":"status-publish","4":"has-post-thumbnail","6":"colecciones-colleccio-som8","7":"edades-3-ca","8":"product_cat-cataleg","9":"product_cat-llibre-illustrat","10":"product_tag-amistat","11":"product_tag-emocions","12":"product_tag-humor-ca","13":"product_tag-pors","15":"first","16":"instock","17":"taxable","18":"shipping-taxable","19":"product-type-simple"},"acf":[],"_links":{"self":[{"href":"https:\/\/www.nubeocho.com\/ca\/wp-json\/wp\/v2\/product\/19989","targetHints":{"allow":["GET"]}}],"collection":[{"href":"https:\/\/www.nubeocho.com\/ca\/wp-json\/wp\/v2\/product"}],"about":[{"href":"https:\/\/www.nubeocho.com\/ca\/wp-json\/wp\/v2\/types\/product"}],"wp:featuredmedia":[{"embeddable":true,"href":"https:\/\/www.nubeocho.com\/ca\/wp-json\/wp\/v2\/media\/20055"}],"wp:attachment":[{"href":"https:\/\/www.nubeocho.com\/ca\/wp-json\/wp\/v2\/media?parent=19989"}],"wp:term":[{"taxonomy":"product_brand","embeddable":true,"href":"https:\/\/www.nubeocho.com\/ca\/wp-json\/wp\/v2\/product_brand?post=19989"},{"taxonomy":"product_cat","embeddable":true,"href":"https:\/\/www.nubeocho.com\/ca\/wp-json\/wp\/v2\/product_cat?post=19989"},{"taxonomy":"product_tag","embeddable":true,"href":"https:\/\/www.nubeocho.com\/ca\/wp-json\/wp\/v2\/product_tag?post=19989"}],"curies":[{"name":"wp","href":"https:\/\/api.w.org\/{rel}","templated":true}]}}